{"id":5994,"date":"2025-02-01T10:00:35","date_gmt":"2025-02-01T09:00:35","guid":{"rendered":"https:\/\/maison-plush.com\/?post_type=product&#038;p=5994"},"modified":"2025-10-03T18:04:29","modified_gmt":"2025-10-03T16:04:29","slug":"raincoat-limited-edition","status":"publish","type":"product","link":"https:\/\/maison-plush.com\/fr\/fashion\/raincoat-limited-edition\/","title":{"rendered":"Trench Limited Edition"},"content":{"rendered":"<p>Trench imperm\u00e9able, \u00e9l\u00e9gant et pratique, offre une protection optimale contre la pluie et le vent<\/p>\n<p>Conseils : \u00c9vitez les objets tranchants et les temp\u00e9ratures \u00e9lev\u00e9es.<\/p>\n<p>Id\u00e9al pour le quotidien, les voyages ou les activit\u00e9s en plein air. Restez prot\u00e9g\u00e9 avec style!<\/p>\n<p><strong>Composition Principal<\/strong>: 100 % PVC<\/p>\n<p><em>Fabriqu\u00e9 aux Pays-Bas<\/em><\/p>\n","protected":false},"excerpt":{"rendered":"<p>Trench imperm\u00e9able, \u00e9l\u00e9gant et pratique, offre une protection optimale contre la pluie et le vent<\/p>\n","protected":false},"featured_media":5969,"comment_status":"open","ping_status":"closed","template":"","meta":[],"product_brand":[],"product_cat":[441],"product_tag":[],"class_list":{"0":"post-5994","1":"product","2":"type-product","3":"status-publish","4":"has-post-thumbnail","6":"product_cat-spiritus-fr","8":"first","9":"instock","10":"shipping-taxable","11":"purchasable","12":"product-type-simple"},"yoast_head":"<!-- This site is optimized with the Yoast SEO plugin v25.8 - https:\/\/yoast.com\/wordpress\/plugins\/seo\/ -->\n<title>Trench Limited Edition - Maison Plush<\/title>\n<meta name=\"robots\" content=\"index, follow, max-snippet:-1, max-image-preview:large, max-video-preview:-1\" \/>\n<link rel=\"canonical\" href=\"https:\/\/maison-plush.com\/fr\/fashion\/raincoat-limited-edition\/\" \/>\n<meta property=\"og:locale\" content=\"fr_FR\" \/>\n<meta property=\"og:type\" content=\"article\" \/>\n<meta property=\"og:title\" content=\"Trench Limited Edition - Maison Plush\" \/>\n<meta property=\"og:description\" content=\"Trench imperm\u00e9able, \u00e9l\u00e9gant et pratique, offre une protection optimale contre la pluie et le vent\" \/>\n<meta property=\"og:url\" content=\"https:\/\/maison-plush.com\/fr\/fashion\/raincoat-limited-edition\/\" \/>\n<meta property=\"og:site_name\" content=\"Maison Plush\" \/>\n<meta property=\"article:modified_time\" content=\"2025-10-03T16:04:29+00:00\" \/>\n<meta property=\"og:image\" content=\"https:\/\/maison-plush.com\/wp-content\/uploads\/2025\/02\/IMG_1462.jpeg\" \/>\n\t<meta property=\"og:image:width\" content=\"1360\" \/>\n\t<meta property=\"og:image:height\" content=\"2048\" \/>\n\t<meta property=\"og:image:type\" content=\"image\/jpeg\" \/>\n<meta name=\"twitter:card\" content=\"summary_large_image\" \/>\n<meta name=\"twitter:label1\" content=\"Dur\u00e9e de lecture estim\u00e9e\" \/>\n\t<meta name=\"twitter:data1\" content=\"1 minute\" \/>\n<script type=\"application\/ld+json\" class=\"yoast-schema-graph\">{\"@context\":\"https:\/\/schema.org\",\"@graph\":[{\"@type\":\"WebPage\",\"@id\":\"https:\/\/maison-plush.com\/fr\/fashion\/raincoat-limited-edition\/\",\"url\":\"https:\/\/maison-plush.com\/fr\/fashion\/raincoat-limited-edition\/\",\"name\":\"Trench Limited Edition - Maison Plush\",\"isPartOf\":{\"@id\":\"https:\/\/maison-plush.com\/#website\"},\"primaryImageOfPage\":{\"@id\":\"https:\/\/maison-plush.com\/fr\/fashion\/raincoat-limited-edition\/#primaryimage\"},\"image\":{\"@id\":\"https:\/\/maison-plush.com\/fr\/fashion\/raincoat-limited-edition\/#primaryimage\"},\"thumbnailUrl\":\"https:\/\/maison-plush.com\/wp-content\/uploads\/2025\/02\/IMG_1462.jpeg\",\"datePublished\":\"2025-02-01T09:00:35+00:00\",\"dateModified\":\"2025-10-03T16:04:29+00:00\",\"breadcrumb\":{\"@id\":\"https:\/\/maison-plush.com\/fr\/fashion\/raincoat-limited-edition\/#breadcrumb\"},\"inLanguage\":\"fr-FR\",\"potentialAction\":[{\"@type\":\"ReadAction\",\"target\":[\"https:\/\/maison-plush.com\/fr\/fashion\/raincoat-limited-edition\/\"]}]},{\"@type\":\"ImageObject\",\"inLanguage\":\"fr-FR\",\"@id\":\"https:\/\/maison-plush.com\/fr\/fashion\/raincoat-limited-edition\/#primaryimage\",\"url\":\"https:\/\/maison-plush.com\/wp-content\/uploads\/2025\/02\/IMG_1462.jpeg\",\"contentUrl\":\"https:\/\/maison-plush.com\/wp-content\/uploads\/2025\/02\/IMG_1462.jpeg\",\"width\":1360,\"height\":2048},{\"@type\":\"BreadcrumbList\",\"@id\":\"https:\/\/maison-plush.com\/fr\/fashion\/raincoat-limited-edition\/#breadcrumb\",\"itemListElement\":[{\"@type\":\"ListItem\",\"position\":1,\"name\":\"Startseite\",\"item\":\"https:\/\/maison-plush.com\/fr\/home\/\"},{\"@type\":\"ListItem\",\"position\":2,\"name\":\"Boutique\",\"item\":\"https:\/\/maison-plush.com\/fr\/boutique\/\"},{\"@type\":\"ListItem\",\"position\":3,\"name\":\"Trench Limited Edition\"}]},{\"@type\":\"WebSite\",\"@id\":\"https:\/\/maison-plush.com\/#website\",\"url\":\"https:\/\/maison-plush.com\/\",\"name\":\"Maison Plush\",\"description\":\"Plush your life\",\"potentialAction\":[{\"@type\":\"SearchAction\",\"target\":{\"@type\":\"EntryPoint\",\"urlTemplate\":\"https:\/\/maison-plush.com\/?s={search_term_string}\"},\"query-input\":{\"@type\":\"PropertyValueSpecification\",\"valueRequired\":true,\"valueName\":\"search_term_string\"}}],\"inLanguage\":\"fr-FR\"}]}<\/script>\n<!-- \/ Yoast SEO plugin. -->","yoast_head_json":{"title":"Trench Limited Edition - Maison Plush","robots":{"index":"index","follow":"follow","max-snippet":"max-snippet:-1","max-image-preview":"max-image-preview:large","max-video-preview":"max-video-preview:-1"},"canonical":"https:\/\/maison-plush.com\/fr\/fashion\/raincoat-limited-edition\/","og_locale":"fr_FR","og_type":"article","og_title":"Trench Limited Edition - Maison Plush","og_description":"Trench imperm\u00e9able, \u00e9l\u00e9gant et pratique, offre une protection optimale contre la pluie et le vent","og_url":"https:\/\/maison-plush.com\/fr\/fashion\/raincoat-limited-edition\/","og_site_name":"Maison Plush","article_modified_time":"2025-10-03T16:04:29+00:00","og_image":[{"width":1360,"height":2048,"url":"https:\/\/maison-plush.com\/wp-content\/uploads\/2025\/02\/IMG_1462.jpeg","type":"image\/jpeg"}],"twitter_card":"summary_large_image","twitter_misc":{"Dur\u00e9e de lecture estim\u00e9e":"1 minute"},"schema":{"@context":"https:\/\/schema.org","@graph":[{"@type":"WebPage","@id":"https:\/\/maison-plush.com\/fr\/fashion\/raincoat-limited-edition\/","url":"https:\/\/maison-plush.com\/fr\/fashion\/raincoat-limited-edition\/","name":"Trench Limited Edition - Maison Plush","isPartOf":{"@id":"https:\/\/maison-plush.com\/#website"},"primaryImageOfPage":{"@id":"https:\/\/maison-plush.com\/fr\/fashion\/raincoat-limited-edition\/#primaryimage"},"image":{"@id":"https:\/\/maison-plush.com\/fr\/fashion\/raincoat-limited-edition\/#primaryimage"},"thumbnailUrl":"https:\/\/maison-plush.com\/wp-content\/uploads\/2025\/02\/IMG_1462.jpeg","datePublished":"2025-02-01T09:00:35+00:00","dateModified":"2025-10-03T16:04:29+00:00","breadcrumb":{"@id":"https:\/\/maison-plush.com\/fr\/fashion\/raincoat-limited-edition\/#breadcrumb"},"inLanguage":"fr-FR","potentialAction":[{"@type":"ReadAction","target":["https:\/\/maison-plush.com\/fr\/fashion\/raincoat-limited-edition\/"]}]},{"@type":"ImageObject","inLanguage":"fr-FR","@id":"https:\/\/maison-plush.com\/fr\/fashion\/raincoat-limited-edition\/#primaryimage","url":"https:\/\/maison-plush.com\/wp-content\/uploads\/2025\/02\/IMG_1462.jpeg","contentUrl":"https:\/\/maison-plush.com\/wp-content\/uploads\/2025\/02\/IMG_1462.jpeg","width":1360,"height":2048},{"@type":"BreadcrumbList","@id":"https:\/\/maison-plush.com\/fr\/fashion\/raincoat-limited-edition\/#breadcrumb","itemListElement":[{"@type":"ListItem","position":1,"name":"Startseite","item":"https:\/\/maison-plush.com\/fr\/home\/"},{"@type":"ListItem","position":2,"name":"Boutique","item":"https:\/\/maison-plush.com\/fr\/boutique\/"},{"@type":"ListItem","position":3,"name":"Trench Limited Edition"}]},{"@type":"WebSite","@id":"https:\/\/maison-plush.com\/#website","url":"https:\/\/maison-plush.com\/","name":"Maison Plush","description":"Plush your life","potentialAction":[{"@type":"SearchAction","target":{"@type":"EntryPoint","urlTemplate":"https:\/\/maison-plush.com\/?s={search_term_string}"},"query-input":{"@type":"PropertyValueSpecification","valueRequired":true,"valueName":"search_term_string"}}],"inLanguage":"fr-FR"}]}},"_links":{"self":[{"href":"https:\/\/maison-plush.com\/fr\/wp-json\/wp\/v2\/product\/5994","targetHints":{"allow":["GET"]}}],"collection":[{"href":"https:\/\/maison-plush.com\/fr\/wp-json\/wp\/v2\/product"}],"about":[{"href":"https:\/\/maison-plush.com\/fr\/wp-json\/wp\/v2\/types\/product"}],"replies":[{"embeddable":true,"href":"https:\/\/maison-plush.com\/fr\/wp-json\/wp\/v2\/comments?post=5994"}],"version-history":[{"count":2,"href":"https:\/\/maison-plush.com\/fr\/wp-json\/wp\/v2\/product\/5994\/revisions"}],"predecessor-version":[{"id":5996,"href":"https:\/\/maison-plush.com\/fr\/wp-json\/wp\/v2\/product\/5994\/revisions\/5996"}],"wp:featuredmedia":[{"embeddable":true,"href":"https:\/\/maison-plush.com\/fr\/wp-json\/wp\/v2\/media\/5969"}],"wp:attachment":[{"href":"https:\/\/maison-plush.com\/fr\/wp-json\/wp\/v2\/media?parent=5994"}],"wp:term":[{"taxonomy":"product_brand","embeddable":true,"href":"https:\/\/maison-plush.com\/fr\/wp-json\/wp\/v2\/product_brand?post=5994"},{"taxonomy":"product_cat","embeddable":true,"href":"https:\/\/maison-plush.com\/fr\/wp-json\/wp\/v2\/product_cat?post=5994"},{"taxonomy":"product_tag","embeddable":true,"href":"https:\/\/maison-plush.com\/fr\/wp-json\/wp\/v2\/product_tag?post=5994"}],"curies":[{"name":"wp","href":"https:\/\/api.w.org\/{rel}","templated":true}]}}