{"id":6130,"date":"2025-02-22T18:46:20","date_gmt":"2025-02-22T17:46:20","guid":{"rendered":"https:\/\/maison-plush.com\/?post_type=product&#038;p=6130"},"modified":"2026-03-20T07:53:15","modified_gmt":"2026-03-20T06:53:15","slug":"trench-en-simili-cuir","status":"publish","type":"product","link":"https:\/\/maison-plush.com\/fr\/fashion\/trench-en-simili-cuir\/","title":{"rendered":"Trench en Simili Cuir"},"content":{"rendered":"<p>L\u00e0 o\u00f9 le style rencontre l\u2019\u00e9l\u00e9gance \u00e9th\u00e9r\u00e9e<\/p>\n<p>Nos trenchs transcendent l\u2019id\u00e9e d\u2019un simple essentiel de garde-robe : ils sont des pi\u00e8ces intemporelles, con\u00e7ues pour \u00e9veiller un sentiment d\u2019individualit\u00e9 et de transformation. Chaque mod\u00e8le est pens\u00e9 pour offrir une exp\u00e9rience unique et raffin\u00e9e, repoussant les limites du quotidien et red\u00e9finissant les codes \u00e9tablis. Plus qu\u2019un simple v\u00eatement d\u2019ext\u00e9rieur, nos trenchs sont le reflet de l\u2019esprit humain, incarnant la r\u00e9silience, la force et le caract\u00e8re.<\/p>\n<p>\u00c0 l\u2019image de l\u2019esprit indomptable qui anime chaque \u00eatre vivant, nos trenchs r\u00e9sistent \u00e0 l\u2019\u00e9preuve du temps, insensibles aux tendances \u00e9ph\u00e9m\u00e8res. Ils deviennent une partie de vous, quelque chose d\u2019intemporel et d\u2019inestimable, un \u00e9l\u00e9ment qui vous accompagne pour toujours. L\u2019essence de chaque trench exprime avec puissance notre conviction en l\u2019expression de soi et en l\u2019\u00e9mancipation personnelle.<\/p>\n","protected":false},"excerpt":{"rendered":"<p>L\u00e0 o\u00f9 le style rencontre l\u2019\u00e9l\u00e9gance \u00e9th\u00e9r\u00e9e Nos trenchs transcendent l\u2019id\u00e9e d\u2019un simple essentiel de garde-robe : ils sont des pi\u00e8ces intemporelles, con\u00e7ues pour \u00e9veiller un sentiment d\u2019individualit\u00e9 et de transformation. Chaque mod\u00e8le est pens\u00e9 pour offrir une exp\u00e9rience unique et raffin\u00e9e, repoussant les limites du quotidien et red\u00e9finissant les codes \u00e9tablis. Plus qu\u2019un simple [&hellip;]<\/p>\n","protected":false},"featured_media":6087,"comment_status":"open","ping_status":"closed","template":"","meta":[],"product_brand":[],"product_cat":[441],"product_tag":[],"class_list":{"0":"post-6130","1":"product","2":"type-product","3":"status-publish","4":"has-post-thumbnail","6":"product_cat-spiritus-fr","8":"first","9":"instock","10":"shipping-taxable","11":"purchasable","12":"product-type-simple"},"yoast_head":"<!-- This site is optimized with the Yoast SEO plugin v25.8 - https:\/\/yoast.com\/wordpress\/plugins\/seo\/ -->\n<title>Trench en Simili Cuir - Maison Plush<\/title>\n<meta name=\"robots\" content=\"index, follow, max-snippet:-1, max-image-preview:large, max-video-preview:-1\" \/>\n<link rel=\"canonical\" href=\"https:\/\/maison-plush.com\/fr\/fashion\/trench-en-simili-cuir\/\" \/>\n<meta property=\"og:locale\" content=\"fr_FR\" \/>\n<meta property=\"og:type\" content=\"article\" \/>\n<meta property=\"og:title\" content=\"Trench en Simili Cuir - Maison Plush\" \/>\n<meta property=\"og:description\" content=\"L\u00e0 o\u00f9 le style rencontre l\u2019\u00e9l\u00e9gance \u00e9th\u00e9r\u00e9e Nos trenchs transcendent l\u2019id\u00e9e d\u2019un simple essentiel de garde-robe : ils sont des pi\u00e8ces intemporelles, con\u00e7ues pour \u00e9veiller un sentiment d\u2019individualit\u00e9 et de transformation. Chaque mod\u00e8le est pens\u00e9 pour offrir une exp\u00e9rience unique et raffin\u00e9e, repoussant les limites du quotidien et red\u00e9finissant les codes \u00e9tablis. Plus qu\u2019un simple [&hellip;]\" \/>\n<meta property=\"og:url\" content=\"https:\/\/maison-plush.com\/fr\/fashion\/trench-en-simili-cuir\/\" \/>\n<meta property=\"og:site_name\" content=\"Maison Plush\" \/>\n<meta property=\"article:modified_time\" content=\"2026-03-20T06:53:15+00:00\" \/>\n<meta property=\"og:image\" content=\"https:\/\/maison-plush.com\/wp-content\/uploads\/2025\/02\/IMG_3992.jpeg\" \/>\n\t<meta property=\"og:image:width\" content=\"1360\" \/>\n\t<meta property=\"og:image:height\" content=\"2048\" \/>\n\t<meta property=\"og:image:type\" content=\"image\/jpeg\" \/>\n<meta name=\"twitter:card\" content=\"summary_large_image\" \/>\n<meta name=\"twitter:label1\" content=\"Dur\u00e9e de lecture estim\u00e9e\" \/>\n\t<meta name=\"twitter:data1\" content=\"1 minute\" \/>\n<script type=\"application\/ld+json\" class=\"yoast-schema-graph\">{\"@context\":\"https:\/\/schema.org\",\"@graph\":[{\"@type\":\"WebPage\",\"@id\":\"https:\/\/maison-plush.com\/fr\/fashion\/trench-en-simili-cuir\/\",\"url\":\"https:\/\/maison-plush.com\/fr\/fashion\/trench-en-simili-cuir\/\",\"name\":\"Trench en Simili Cuir - Maison Plush\",\"isPartOf\":{\"@id\":\"https:\/\/maison-plush.com\/#website\"},\"primaryImageOfPage\":{\"@id\":\"https:\/\/maison-plush.com\/fr\/fashion\/trench-en-simili-cuir\/#primaryimage\"},\"image\":{\"@id\":\"https:\/\/maison-plush.com\/fr\/fashion\/trench-en-simili-cuir\/#primaryimage\"},\"thumbnailUrl\":\"https:\/\/maison-plush.com\/wp-content\/uploads\/2025\/02\/IMG_3992.jpeg\",\"datePublished\":\"2025-02-22T17:46:20+00:00\",\"dateModified\":\"2026-03-20T06:53:15+00:00\",\"breadcrumb\":{\"@id\":\"https:\/\/maison-plush.com\/fr\/fashion\/trench-en-simili-cuir\/#breadcrumb\"},\"inLanguage\":\"fr-FR\",\"potentialAction\":[{\"@type\":\"ReadAction\",\"target\":[\"https:\/\/maison-plush.com\/fr\/fashion\/trench-en-simili-cuir\/\"]}]},{\"@type\":\"ImageObject\",\"inLanguage\":\"fr-FR\",\"@id\":\"https:\/\/maison-plush.com\/fr\/fashion\/trench-en-simili-cuir\/#primaryimage\",\"url\":\"https:\/\/maison-plush.com\/wp-content\/uploads\/2025\/02\/IMG_3992.jpeg\",\"contentUrl\":\"https:\/\/maison-plush.com\/wp-content\/uploads\/2025\/02\/IMG_3992.jpeg\",\"width\":1360,\"height\":2048},{\"@type\":\"BreadcrumbList\",\"@id\":\"https:\/\/maison-plush.com\/fr\/fashion\/trench-en-simili-cuir\/#breadcrumb\",\"itemListElement\":[{\"@type\":\"ListItem\",\"position\":1,\"name\":\"Startseite\",\"item\":\"https:\/\/maison-plush.com\/fr\/home\/\"},{\"@type\":\"ListItem\",\"position\":2,\"name\":\"Boutique\",\"item\":\"https:\/\/maison-plush.com\/fr\/boutique\/\"},{\"@type\":\"ListItem\",\"position\":3,\"name\":\"Trench en Simili Cuir\"}]},{\"@type\":\"WebSite\",\"@id\":\"https:\/\/maison-plush.com\/#website\",\"url\":\"https:\/\/maison-plush.com\/\",\"name\":\"Maison Plush\",\"description\":\"Plush your life\",\"potentialAction\":[{\"@type\":\"SearchAction\",\"target\":{\"@type\":\"EntryPoint\",\"urlTemplate\":\"https:\/\/maison-plush.com\/?s={search_term_string}\"},\"query-input\":{\"@type\":\"PropertyValueSpecification\",\"valueRequired\":true,\"valueName\":\"search_term_string\"}}],\"inLanguage\":\"fr-FR\"}]}<\/script>\n<!-- \/ Yoast SEO plugin. -->","yoast_head_json":{"title":"Trench en Simili Cuir - Maison Plush","robots":{"index":"index","follow":"follow","max-snippet":"max-snippet:-1","max-image-preview":"max-image-preview:large","max-video-preview":"max-video-preview:-1"},"canonical":"https:\/\/maison-plush.com\/fr\/fashion\/trench-en-simili-cuir\/","og_locale":"fr_FR","og_type":"article","og_title":"Trench en Simili Cuir - Maison Plush","og_description":"L\u00e0 o\u00f9 le style rencontre l\u2019\u00e9l\u00e9gance \u00e9th\u00e9r\u00e9e Nos trenchs transcendent l\u2019id\u00e9e d\u2019un simple essentiel de garde-robe : ils sont des pi\u00e8ces intemporelles, con\u00e7ues pour \u00e9veiller un sentiment d\u2019individualit\u00e9 et de transformation. Chaque mod\u00e8le est pens\u00e9 pour offrir une exp\u00e9rience unique et raffin\u00e9e, repoussant les limites du quotidien et red\u00e9finissant les codes \u00e9tablis. Plus qu\u2019un simple [&hellip;]","og_url":"https:\/\/maison-plush.com\/fr\/fashion\/trench-en-simili-cuir\/","og_site_name":"Maison Plush","article_modified_time":"2026-03-20T06:53:15+00:00","og_image":[{"width":1360,"height":2048,"url":"https:\/\/maison-plush.com\/wp-content\/uploads\/2025\/02\/IMG_3992.jpeg","type":"image\/jpeg"}],"twitter_card":"summary_large_image","twitter_misc":{"Dur\u00e9e de lecture estim\u00e9e":"1 minute"},"schema":{"@context":"https:\/\/schema.org","@graph":[{"@type":"WebPage","@id":"https:\/\/maison-plush.com\/fr\/fashion\/trench-en-simili-cuir\/","url":"https:\/\/maison-plush.com\/fr\/fashion\/trench-en-simili-cuir\/","name":"Trench en Simili Cuir - Maison Plush","isPartOf":{"@id":"https:\/\/maison-plush.com\/#website"},"primaryImageOfPage":{"@id":"https:\/\/maison-plush.com\/fr\/fashion\/trench-en-simili-cuir\/#primaryimage"},"image":{"@id":"https:\/\/maison-plush.com\/fr\/fashion\/trench-en-simili-cuir\/#primaryimage"},"thumbnailUrl":"https:\/\/maison-plush.com\/wp-content\/uploads\/2025\/02\/IMG_3992.jpeg","datePublished":"2025-02-22T17:46:20+00:00","dateModified":"2026-03-20T06:53:15+00:00","breadcrumb":{"@id":"https:\/\/maison-plush.com\/fr\/fashion\/trench-en-simili-cuir\/#breadcrumb"},"inLanguage":"fr-FR","potentialAction":[{"@type":"ReadAction","target":["https:\/\/maison-plush.com\/fr\/fashion\/trench-en-simili-cuir\/"]}]},{"@type":"ImageObject","inLanguage":"fr-FR","@id":"https:\/\/maison-plush.com\/fr\/fashion\/trench-en-simili-cuir\/#primaryimage","url":"https:\/\/maison-plush.com\/wp-content\/uploads\/2025\/02\/IMG_3992.jpeg","contentUrl":"https:\/\/maison-plush.com\/wp-content\/uploads\/2025\/02\/IMG_3992.jpeg","width":1360,"height":2048},{"@type":"BreadcrumbList","@id":"https:\/\/maison-plush.com\/fr\/fashion\/trench-en-simili-cuir\/#breadcrumb","itemListElement":[{"@type":"ListItem","position":1,"name":"Startseite","item":"https:\/\/maison-plush.com\/fr\/home\/"},{"@type":"ListItem","position":2,"name":"Boutique","item":"https:\/\/maison-plush.com\/fr\/boutique\/"},{"@type":"ListItem","position":3,"name":"Trench en Simili Cuir"}]},{"@type":"WebSite","@id":"https:\/\/maison-plush.com\/#website","url":"https:\/\/maison-plush.com\/","name":"Maison Plush","description":"Plush your life","potentialAction":[{"@type":"SearchAction","target":{"@type":"EntryPoint","urlTemplate":"https:\/\/maison-plush.com\/?s={search_term_string}"},"query-input":{"@type":"PropertyValueSpecification","valueRequired":true,"valueName":"search_term_string"}}],"inLanguage":"fr-FR"}]}},"_links":{"self":[{"href":"https:\/\/maison-plush.com\/fr\/wp-json\/wp\/v2\/product\/6130","targetHints":{"allow":["GET"]}}],"collection":[{"href":"https:\/\/maison-plush.com\/fr\/wp-json\/wp\/v2\/product"}],"about":[{"href":"https:\/\/maison-plush.com\/fr\/wp-json\/wp\/v2\/types\/product"}],"replies":[{"embeddable":true,"href":"https:\/\/maison-plush.com\/fr\/wp-json\/wp\/v2\/comments?post=6130"}],"version-history":[{"count":4,"href":"https:\/\/maison-plush.com\/fr\/wp-json\/wp\/v2\/product\/6130\/revisions"}],"predecessor-version":[{"id":6206,"href":"https:\/\/maison-plush.com\/fr\/wp-json\/wp\/v2\/product\/6130\/revisions\/6206"}],"wp:featuredmedia":[{"embeddable":true,"href":"https:\/\/maison-plush.com\/fr\/wp-json\/wp\/v2\/media\/6087"}],"wp:attachment":[{"href":"https:\/\/maison-plush.com\/fr\/wp-json\/wp\/v2\/media?parent=6130"}],"wp:term":[{"taxonomy":"product_brand","embeddable":true,"href":"https:\/\/maison-plush.com\/fr\/wp-json\/wp\/v2\/product_brand?post=6130"},{"taxonomy":"product_cat","embeddable":true,"href":"https:\/\/maison-plush.com\/fr\/wp-json\/wp\/v2\/product_cat?post=6130"},{"taxonomy":"product_tag","embeddable":true,"href":"https:\/\/maison-plush.com\/fr\/wp-json\/wp\/v2\/product_tag?post=6130"}],"curies":[{"name":"wp","href":"https:\/\/api.w.org\/{rel}","templated":true}]}}