{"id":6257,"date":"2024-08-12T23:05:55","date_gmt":"2024-08-12T21:05:55","guid":{"rendered":"https:\/\/maison-plush.com\/?post_type=product&#038;p=6257"},"modified":"2025-06-05T16:01:01","modified_gmt":"2025-06-05T14:01:01","slug":"longue-sleeve-white","status":"publish","type":"product","link":"https:\/\/maison-plush.com\/fr\/fashion\/longue-sleeve-white\/","title":{"rendered":"Longue sleeve white"},"content":{"rendered":"<p>On dit que le corps humain est compos\u00e9 \u00e0 80 % d\u2019eau\u2026 le reste, c\u2019est du style.<\/p>\n<p>Souvent, on nous juge d\u2019abord sur notre apparence.<\/p>\n<p>Nos Longue sleeve sont con\u00e7us pour allier confort et \u00e9l\u00e9gance.<\/p>\n<p>Le tissu est doux, agr\u00e9able \u00e0 porter, et chaque d\u00e9tail est soigneusement pens\u00e9.<\/p>\n<p>Un style simple et raffin\u00e9, qui refl\u00e8te votre personnalit\u00e9 sans en faire trop.<\/p>\n<p>Porter nos pi\u00e8ces, c\u2019est se sentir bien, \u00eatre soi-m\u00eame \u2014 avec assurance.<\/p>\n","protected":false},"excerpt":{"rendered":"<p>On dit que le corps humain est compos\u00e9 \u00e0 80 % d\u2019eau\u2026 le reste, c\u2019est du style. Souvent, on nous juge d\u2019abord sur notre apparence. Nos Longue sleeve sont con\u00e7us pour allier confort et \u00e9l\u00e9gance. Le tissu est doux, agr\u00e9able \u00e0 porter, et chaque d\u00e9tail est soigneusement pens\u00e9. Un style simple et raffin\u00e9, qui refl\u00e8te [&hellip;]<\/p>\n","protected":false},"featured_media":5753,"comment_status":"open","ping_status":"closed","template":"","meta":[],"product_brand":[],"product_cat":[433],"product_tag":[],"class_list":{"0":"post-6257","1":"product","2":"type-product","3":"status-publish","4":"has-post-thumbnail","6":"product_cat-aqua-vitalis-fr","8":"first","9":"instock","10":"shipping-taxable","11":"purchasable","12":"product-type-variable"},"yoast_head":"<!-- This site is optimized with the Yoast SEO plugin v25.8 - https:\/\/yoast.com\/wordpress\/plugins\/seo\/ -->\n<title>Longue sleeve white - Maison Plush<\/title>\n<meta name=\"robots\" content=\"index, follow, max-snippet:-1, max-image-preview:large, max-video-preview:-1\" \/>\n<link rel=\"canonical\" href=\"https:\/\/maison-plush.com\/fr\/fashion\/longue-sleeve-white\/\" \/>\n<meta property=\"og:locale\" content=\"fr_FR\" \/>\n<meta property=\"og:type\" content=\"article\" \/>\n<meta property=\"og:title\" content=\"Longue sleeve white - Maison Plush\" \/>\n<meta property=\"og:description\" content=\"On dit que le corps humain est compos\u00e9 \u00e0 80 % d\u2019eau\u2026 le reste, c\u2019est du style. Souvent, on nous juge d\u2019abord sur notre apparence. Nos Longue sleeve sont con\u00e7us pour allier confort et \u00e9l\u00e9gance. Le tissu est doux, agr\u00e9able \u00e0 porter, et chaque d\u00e9tail est soigneusement pens\u00e9. Un style simple et raffin\u00e9, qui refl\u00e8te [&hellip;]\" \/>\n<meta property=\"og:url\" content=\"https:\/\/maison-plush.com\/fr\/fashion\/longue-sleeve-white\/\" \/>\n<meta property=\"og:site_name\" content=\"Maison Plush\" \/>\n<meta property=\"article:modified_time\" content=\"2025-06-05T14:01:01+00:00\" \/>\n<meta property=\"og:image\" content=\"https:\/\/maison-plush.com\/wp-content\/uploads\/2024\/08\/IMG_6008-scaled.jpg\" \/>\n\t<meta property=\"og:image:width\" content=\"1440\" \/>\n\t<meta property=\"og:image:height\" content=\"2560\" \/>\n\t<meta property=\"og:image:type\" content=\"image\/jpeg\" \/>\n<meta name=\"twitter:card\" content=\"summary_large_image\" \/>\n<meta name=\"twitter:label1\" content=\"Dur\u00e9e de lecture estim\u00e9e\" \/>\n\t<meta name=\"twitter:data1\" content=\"1 minute\" \/>\n<script type=\"application\/ld+json\" class=\"yoast-schema-graph\">{\"@context\":\"https:\/\/schema.org\",\"@graph\":[{\"@type\":\"WebPage\",\"@id\":\"https:\/\/maison-plush.com\/fr\/fashion\/longue-sleeve-white\/\",\"url\":\"https:\/\/maison-plush.com\/fr\/fashion\/longue-sleeve-white\/\",\"name\":\"Longue sleeve white - Maison Plush\",\"isPartOf\":{\"@id\":\"https:\/\/maison-plush.com\/#website\"},\"primaryImageOfPage\":{\"@id\":\"https:\/\/maison-plush.com\/fr\/fashion\/longue-sleeve-white\/#primaryimage\"},\"image\":{\"@id\":\"https:\/\/maison-plush.com\/fr\/fashion\/longue-sleeve-white\/#primaryimage\"},\"thumbnailUrl\":\"https:\/\/maison-plush.com\/wp-content\/uploads\/2024\/08\/IMG_6008-scaled.jpg\",\"datePublished\":\"2024-08-12T21:05:55+00:00\",\"dateModified\":\"2025-06-05T14:01:01+00:00\",\"breadcrumb\":{\"@id\":\"https:\/\/maison-plush.com\/fr\/fashion\/longue-sleeve-white\/#breadcrumb\"},\"inLanguage\":\"fr-FR\",\"potentialAction\":[{\"@type\":\"ReadAction\",\"target\":[\"https:\/\/maison-plush.com\/fr\/fashion\/longue-sleeve-white\/\"]}]},{\"@type\":\"ImageObject\",\"inLanguage\":\"fr-FR\",\"@id\":\"https:\/\/maison-plush.com\/fr\/fashion\/longue-sleeve-white\/#primaryimage\",\"url\":\"https:\/\/maison-plush.com\/wp-content\/uploads\/2024\/08\/IMG_6008-scaled.jpg\",\"contentUrl\":\"https:\/\/maison-plush.com\/wp-content\/uploads\/2024\/08\/IMG_6008-scaled.jpg\",\"width\":1440,\"height\":2560},{\"@type\":\"BreadcrumbList\",\"@id\":\"https:\/\/maison-plush.com\/fr\/fashion\/longue-sleeve-white\/#breadcrumb\",\"itemListElement\":[{\"@type\":\"ListItem\",\"position\":1,\"name\":\"Startseite\",\"item\":\"https:\/\/maison-plush.com\/fr\/home\/\"},{\"@type\":\"ListItem\",\"position\":2,\"name\":\"Boutique\",\"item\":\"https:\/\/maison-plush.com\/fr\/boutique\/\"},{\"@type\":\"ListItem\",\"position\":3,\"name\":\"Longue sleeve white\"}]},{\"@type\":\"WebSite\",\"@id\":\"https:\/\/maison-plush.com\/#website\",\"url\":\"https:\/\/maison-plush.com\/\",\"name\":\"Maison Plush\",\"description\":\"Plush your life\",\"potentialAction\":[{\"@type\":\"SearchAction\",\"target\":{\"@type\":\"EntryPoint\",\"urlTemplate\":\"https:\/\/maison-plush.com\/?s={search_term_string}\"},\"query-input\":{\"@type\":\"PropertyValueSpecification\",\"valueRequired\":true,\"valueName\":\"search_term_string\"}}],\"inLanguage\":\"fr-FR\"}]}<\/script>\n<!-- \/ Yoast SEO plugin. -->","yoast_head_json":{"title":"Longue sleeve white - Maison Plush","robots":{"index":"index","follow":"follow","max-snippet":"max-snippet:-1","max-image-preview":"max-image-preview:large","max-video-preview":"max-video-preview:-1"},"canonical":"https:\/\/maison-plush.com\/fr\/fashion\/longue-sleeve-white\/","og_locale":"fr_FR","og_type":"article","og_title":"Longue sleeve white - Maison Plush","og_description":"On dit que le corps humain est compos\u00e9 \u00e0 80 % d\u2019eau\u2026 le reste, c\u2019est du style. Souvent, on nous juge d\u2019abord sur notre apparence. Nos Longue sleeve sont con\u00e7us pour allier confort et \u00e9l\u00e9gance. Le tissu est doux, agr\u00e9able \u00e0 porter, et chaque d\u00e9tail est soigneusement pens\u00e9. Un style simple et raffin\u00e9, qui refl\u00e8te [&hellip;]","og_url":"https:\/\/maison-plush.com\/fr\/fashion\/longue-sleeve-white\/","og_site_name":"Maison Plush","article_modified_time":"2025-06-05T14:01:01+00:00","og_image":[{"width":1440,"height":2560,"url":"https:\/\/maison-plush.com\/wp-content\/uploads\/2024\/08\/IMG_6008-scaled.jpg","type":"image\/jpeg"}],"twitter_card":"summary_large_image","twitter_misc":{"Dur\u00e9e de lecture estim\u00e9e":"1 minute"},"schema":{"@context":"https:\/\/schema.org","@graph":[{"@type":"WebPage","@id":"https:\/\/maison-plush.com\/fr\/fashion\/longue-sleeve-white\/","url":"https:\/\/maison-plush.com\/fr\/fashion\/longue-sleeve-white\/","name":"Longue sleeve white - Maison Plush","isPartOf":{"@id":"https:\/\/maison-plush.com\/#website"},"primaryImageOfPage":{"@id":"https:\/\/maison-plush.com\/fr\/fashion\/longue-sleeve-white\/#primaryimage"},"image":{"@id":"https:\/\/maison-plush.com\/fr\/fashion\/longue-sleeve-white\/#primaryimage"},"thumbnailUrl":"https:\/\/maison-plush.com\/wp-content\/uploads\/2024\/08\/IMG_6008-scaled.jpg","datePublished":"2024-08-12T21:05:55+00:00","dateModified":"2025-06-05T14:01:01+00:00","breadcrumb":{"@id":"https:\/\/maison-plush.com\/fr\/fashion\/longue-sleeve-white\/#breadcrumb"},"inLanguage":"fr-FR","potentialAction":[{"@type":"ReadAction","target":["https:\/\/maison-plush.com\/fr\/fashion\/longue-sleeve-white\/"]}]},{"@type":"ImageObject","inLanguage":"fr-FR","@id":"https:\/\/maison-plush.com\/fr\/fashion\/longue-sleeve-white\/#primaryimage","url":"https:\/\/maison-plush.com\/wp-content\/uploads\/2024\/08\/IMG_6008-scaled.jpg","contentUrl":"https:\/\/maison-plush.com\/wp-content\/uploads\/2024\/08\/IMG_6008-scaled.jpg","width":1440,"height":2560},{"@type":"BreadcrumbList","@id":"https:\/\/maison-plush.com\/fr\/fashion\/longue-sleeve-white\/#breadcrumb","itemListElement":[{"@type":"ListItem","position":1,"name":"Startseite","item":"https:\/\/maison-plush.com\/fr\/home\/"},{"@type":"ListItem","position":2,"name":"Boutique","item":"https:\/\/maison-plush.com\/fr\/boutique\/"},{"@type":"ListItem","position":3,"name":"Longue sleeve white"}]},{"@type":"WebSite","@id":"https:\/\/maison-plush.com\/#website","url":"https:\/\/maison-plush.com\/","name":"Maison Plush","description":"Plush your life","potentialAction":[{"@type":"SearchAction","target":{"@type":"EntryPoint","urlTemplate":"https:\/\/maison-plush.com\/?s={search_term_string}"},"query-input":{"@type":"PropertyValueSpecification","valueRequired":true,"valueName":"search_term_string"}}],"inLanguage":"fr-FR"}]}},"_links":{"self":[{"href":"https:\/\/maison-plush.com\/fr\/wp-json\/wp\/v2\/product\/6257","targetHints":{"allow":["GET"]}}],"collection":[{"href":"https:\/\/maison-plush.com\/fr\/wp-json\/wp\/v2\/product"}],"about":[{"href":"https:\/\/maison-plush.com\/fr\/wp-json\/wp\/v2\/types\/product"}],"replies":[{"embeddable":true,"href":"https:\/\/maison-plush.com\/fr\/wp-json\/wp\/v2\/comments?post=6257"}],"version-history":[{"count":3,"href":"https:\/\/maison-plush.com\/fr\/wp-json\/wp\/v2\/product\/6257\/revisions"}],"predecessor-version":[{"id":6267,"href":"https:\/\/maison-plush.com\/fr\/wp-json\/wp\/v2\/product\/6257\/revisions\/6267"}],"wp:featuredmedia":[{"embeddable":true,"href":"https:\/\/maison-plush.com\/fr\/wp-json\/wp\/v2\/media\/5753"}],"wp:attachment":[{"href":"https:\/\/maison-plush.com\/fr\/wp-json\/wp\/v2\/media?parent=6257"}],"wp:term":[{"taxonomy":"product_brand","embeddable":true,"href":"https:\/\/maison-plush.com\/fr\/wp-json\/wp\/v2\/product_brand?post=6257"},{"taxonomy":"product_cat","embeddable":true,"href":"https:\/\/maison-plush.com\/fr\/wp-json\/wp\/v2\/product_cat?post=6257"},{"taxonomy":"product_tag","embeddable":true,"href":"https:\/\/maison-plush.com\/fr\/wp-json\/wp\/v2\/product_tag?post=6257"}],"curies":[{"name":"wp","href":"https:\/\/api.w.org\/{rel}","templated":true}]}}