{"id":6322,"date":"2026-05-08T17:38:26","date_gmt":"2026-05-08T15:38:26","guid":{"rendered":"https:\/\/maison-plush.com\/?post_type=product&#038;p=6322"},"modified":"2026-05-08T17:40:52","modified_gmt":"2026-05-08T15:40:52","slug":"diffuseur-petrichor","status":"publish","type":"product","link":"https:\/\/maison-plush.com\/fr\/fashion\/diffuseur-petrichor\/","title":{"rendered":"Diffuseur Petrichor"},"content":{"rendered":"<p>Une atmosph\u00e8re quotidienne inspir\u00e9e par la beaut\u00e9 brute et silencieuse du Nord.<br \/>\nCe diffuseur capture le parfum du petrichor &#8211; ce moment o\u00f9 la pluie rencontre la pierre. Une fra\u00eecheur min\u00e9rale et pure s\u2019\u00e9l\u00e8ve des surfaces froides et polies, \u00e9voquant des falaises humides, l\u2019air du matin et des paysages intacts. Subtile mais puissante, la fragrance refl\u00e8te la nature scandinave \u00e0 travers une vision moderne et minimaliste.<br \/>\nLe parfum se d\u00e9ploie progressivement, se diffusant dans l\u2019espace pour cr\u00e9er un environnement calme et \u00e9quilibr\u00e9. Jamais envahissant &#8211; une pr\u00e9sence raffin\u00e9e qui persiste d\u00e9licatement dans l\u2019air et \u00e9volue au fil de la journ\u00e9e.<br \/>\nPlus qu\u2019un parfum, c\u2019est un rituel.\u2028Un moment d\u2019ancrage.\u2028Un souffle de clart\u00e9.<br \/>\nCon\u00e7u pour transformer votre espace &#8211; avec simplicit\u00e9, raffinement et essentiel.<\/p>\n","protected":false},"excerpt":{"rendered":"<p>Une atmosph\u00e8re quotidienne inspir\u00e9e par la beaut\u00e9 brute et silencieuse du Nord. Ce diffuseur capture le parfum du petrichor &#8211; ce moment o\u00f9 la pluie rencontre la pierre. Une fra\u00eecheur min\u00e9rale et pure s\u2019\u00e9l\u00e8ve des surfaces froides et polies, \u00e9voquant des falaises humides, l\u2019air du matin et des paysages intacts. Subtile mais puissante, la fragrance [&hellip;]<\/p>\n","protected":false},"featured_media":6312,"comment_status":"open","ping_status":"closed","template":"","meta":[],"product_brand":[],"product_cat":[447],"product_tag":[],"class_list":{"0":"post-6322","1":"product","2":"type-product","3":"status-publish","4":"has-post-thumbnail","6":"product_cat-luna-code-26-fr","8":"first","9":"instock","10":"shipping-taxable","11":"purchasable","12":"product-type-simple"},"yoast_head":"<!-- This site is optimized with the Yoast SEO plugin v25.8 - https:\/\/yoast.com\/wordpress\/plugins\/seo\/ -->\n<title>Diffuseur Petrichor - Maison Plush<\/title>\n<meta name=\"robots\" content=\"index, follow, max-snippet:-1, max-image-preview:large, max-video-preview:-1\" \/>\n<link rel=\"canonical\" href=\"https:\/\/maison-plush.com\/fr\/fashion\/diffuseur-petrichor\/\" \/>\n<meta property=\"og:locale\" content=\"fr_FR\" \/>\n<meta property=\"og:type\" content=\"article\" \/>\n<meta property=\"og:title\" content=\"Diffuseur Petrichor - Maison Plush\" \/>\n<meta property=\"og:description\" content=\"Une atmosph\u00e8re quotidienne inspir\u00e9e par la beaut\u00e9 brute et silencieuse du Nord. Ce diffuseur capture le parfum du petrichor &#8211; ce moment o\u00f9 la pluie rencontre la pierre. Une fra\u00eecheur min\u00e9rale et pure s\u2019\u00e9l\u00e8ve des surfaces froides et polies, \u00e9voquant des falaises humides, l\u2019air du matin et des paysages intacts. Subtile mais puissante, la fragrance [&hellip;]\" \/>\n<meta property=\"og:url\" content=\"https:\/\/maison-plush.com\/fr\/fashion\/diffuseur-petrichor\/\" \/>\n<meta property=\"og:site_name\" content=\"Maison Plush\" \/>\n<meta property=\"article:modified_time\" content=\"2026-05-08T15:40:52+00:00\" \/>\n<meta property=\"og:image\" content=\"https:\/\/maison-plush.com\/wp-content\/uploads\/2026\/05\/1-scaled.jpg\" \/>\n\t<meta property=\"og:image:width\" content=\"1706\" \/>\n\t<meta property=\"og:image:height\" content=\"2560\" \/>\n\t<meta property=\"og:image:type\" content=\"image\/jpeg\" \/>\n<meta name=\"twitter:card\" content=\"summary_large_image\" \/>\n<meta name=\"twitter:label1\" content=\"Dur\u00e9e de lecture estim\u00e9e\" \/>\n\t<meta name=\"twitter:data1\" content=\"1 minute\" \/>\n<script type=\"application\/ld+json\" class=\"yoast-schema-graph\">{\"@context\":\"https:\/\/schema.org\",\"@graph\":[{\"@type\":\"WebPage\",\"@id\":\"https:\/\/maison-plush.com\/fr\/fashion\/diffuseur-petrichor\/\",\"url\":\"https:\/\/maison-plush.com\/fr\/fashion\/diffuseur-petrichor\/\",\"name\":\"Diffuseur Petrichor - Maison Plush\",\"isPartOf\":{\"@id\":\"https:\/\/maison-plush.com\/#website\"},\"primaryImageOfPage\":{\"@id\":\"https:\/\/maison-plush.com\/fr\/fashion\/diffuseur-petrichor\/#primaryimage\"},\"image\":{\"@id\":\"https:\/\/maison-plush.com\/fr\/fashion\/diffuseur-petrichor\/#primaryimage\"},\"thumbnailUrl\":\"https:\/\/maison-plush.com\/wp-content\/uploads\/2026\/05\/1-scaled.jpg\",\"datePublished\":\"2026-05-08T15:38:26+00:00\",\"dateModified\":\"2026-05-08T15:40:52+00:00\",\"breadcrumb\":{\"@id\":\"https:\/\/maison-plush.com\/fr\/fashion\/diffuseur-petrichor\/#breadcrumb\"},\"inLanguage\":\"fr-FR\",\"potentialAction\":[{\"@type\":\"ReadAction\",\"target\":[\"https:\/\/maison-plush.com\/fr\/fashion\/diffuseur-petrichor\/\"]}]},{\"@type\":\"ImageObject\",\"inLanguage\":\"fr-FR\",\"@id\":\"https:\/\/maison-plush.com\/fr\/fashion\/diffuseur-petrichor\/#primaryimage\",\"url\":\"https:\/\/maison-plush.com\/wp-content\/uploads\/2026\/05\/1-scaled.jpg\",\"contentUrl\":\"https:\/\/maison-plush.com\/wp-content\/uploads\/2026\/05\/1-scaled.jpg\",\"width\":1706,\"height\":2560},{\"@type\":\"BreadcrumbList\",\"@id\":\"https:\/\/maison-plush.com\/fr\/fashion\/diffuseur-petrichor\/#breadcrumb\",\"itemListElement\":[{\"@type\":\"ListItem\",\"position\":1,\"name\":\"Startseite\",\"item\":\"https:\/\/maison-plush.com\/fr\/home\/\"},{\"@type\":\"ListItem\",\"position\":2,\"name\":\"Boutique\",\"item\":\"https:\/\/maison-plush.com\/fr\/boutique\/\"},{\"@type\":\"ListItem\",\"position\":3,\"name\":\"Diffuseur Petrichor\"}]},{\"@type\":\"WebSite\",\"@id\":\"https:\/\/maison-plush.com\/#website\",\"url\":\"https:\/\/maison-plush.com\/\",\"name\":\"Maison Plush\",\"description\":\"Plush your life\",\"potentialAction\":[{\"@type\":\"SearchAction\",\"target\":{\"@type\":\"EntryPoint\",\"urlTemplate\":\"https:\/\/maison-plush.com\/?s={search_term_string}\"},\"query-input\":{\"@type\":\"PropertyValueSpecification\",\"valueRequired\":true,\"valueName\":\"search_term_string\"}}],\"inLanguage\":\"fr-FR\"}]}<\/script>\n<!-- \/ Yoast SEO plugin. -->","yoast_head_json":{"title":"Diffuseur Petrichor - Maison Plush","robots":{"index":"index","follow":"follow","max-snippet":"max-snippet:-1","max-image-preview":"max-image-preview:large","max-video-preview":"max-video-preview:-1"},"canonical":"https:\/\/maison-plush.com\/fr\/fashion\/diffuseur-petrichor\/","og_locale":"fr_FR","og_type":"article","og_title":"Diffuseur Petrichor - Maison Plush","og_description":"Une atmosph\u00e8re quotidienne inspir\u00e9e par la beaut\u00e9 brute et silencieuse du Nord. Ce diffuseur capture le parfum du petrichor &#8211; ce moment o\u00f9 la pluie rencontre la pierre. Une fra\u00eecheur min\u00e9rale et pure s\u2019\u00e9l\u00e8ve des surfaces froides et polies, \u00e9voquant des falaises humides, l\u2019air du matin et des paysages intacts. Subtile mais puissante, la fragrance [&hellip;]","og_url":"https:\/\/maison-plush.com\/fr\/fashion\/diffuseur-petrichor\/","og_site_name":"Maison Plush","article_modified_time":"2026-05-08T15:40:52+00:00","og_image":[{"width":1706,"height":2560,"url":"https:\/\/maison-plush.com\/wp-content\/uploads\/2026\/05\/1-scaled.jpg","type":"image\/jpeg"}],"twitter_card":"summary_large_image","twitter_misc":{"Dur\u00e9e de lecture estim\u00e9e":"1 minute"},"schema":{"@context":"https:\/\/schema.org","@graph":[{"@type":"WebPage","@id":"https:\/\/maison-plush.com\/fr\/fashion\/diffuseur-petrichor\/","url":"https:\/\/maison-plush.com\/fr\/fashion\/diffuseur-petrichor\/","name":"Diffuseur Petrichor - Maison Plush","isPartOf":{"@id":"https:\/\/maison-plush.com\/#website"},"primaryImageOfPage":{"@id":"https:\/\/maison-plush.com\/fr\/fashion\/diffuseur-petrichor\/#primaryimage"},"image":{"@id":"https:\/\/maison-plush.com\/fr\/fashion\/diffuseur-petrichor\/#primaryimage"},"thumbnailUrl":"https:\/\/maison-plush.com\/wp-content\/uploads\/2026\/05\/1-scaled.jpg","datePublished":"2026-05-08T15:38:26+00:00","dateModified":"2026-05-08T15:40:52+00:00","breadcrumb":{"@id":"https:\/\/maison-plush.com\/fr\/fashion\/diffuseur-petrichor\/#breadcrumb"},"inLanguage":"fr-FR","potentialAction":[{"@type":"ReadAction","target":["https:\/\/maison-plush.com\/fr\/fashion\/diffuseur-petrichor\/"]}]},{"@type":"ImageObject","inLanguage":"fr-FR","@id":"https:\/\/maison-plush.com\/fr\/fashion\/diffuseur-petrichor\/#primaryimage","url":"https:\/\/maison-plush.com\/wp-content\/uploads\/2026\/05\/1-scaled.jpg","contentUrl":"https:\/\/maison-plush.com\/wp-content\/uploads\/2026\/05\/1-scaled.jpg","width":1706,"height":2560},{"@type":"BreadcrumbList","@id":"https:\/\/maison-plush.com\/fr\/fashion\/diffuseur-petrichor\/#breadcrumb","itemListElement":[{"@type":"ListItem","position":1,"name":"Startseite","item":"https:\/\/maison-plush.com\/fr\/home\/"},{"@type":"ListItem","position":2,"name":"Boutique","item":"https:\/\/maison-plush.com\/fr\/boutique\/"},{"@type":"ListItem","position":3,"name":"Diffuseur Petrichor"}]},{"@type":"WebSite","@id":"https:\/\/maison-plush.com\/#website","url":"https:\/\/maison-plush.com\/","name":"Maison Plush","description":"Plush your life","potentialAction":[{"@type":"SearchAction","target":{"@type":"EntryPoint","urlTemplate":"https:\/\/maison-plush.com\/?s={search_term_string}"},"query-input":{"@type":"PropertyValueSpecification","valueRequired":true,"valueName":"search_term_string"}}],"inLanguage":"fr-FR"}]}},"_links":{"self":[{"href":"https:\/\/maison-plush.com\/fr\/wp-json\/wp\/v2\/product\/6322","targetHints":{"allow":["GET"]}}],"collection":[{"href":"https:\/\/maison-plush.com\/fr\/wp-json\/wp\/v2\/product"}],"about":[{"href":"https:\/\/maison-plush.com\/fr\/wp-json\/wp\/v2\/types\/product"}],"replies":[{"embeddable":true,"href":"https:\/\/maison-plush.com\/fr\/wp-json\/wp\/v2\/comments?post=6322"}],"version-history":[{"count":1,"href":"https:\/\/maison-plush.com\/fr\/wp-json\/wp\/v2\/product\/6322\/revisions"}],"predecessor-version":[{"id":6323,"href":"https:\/\/maison-plush.com\/fr\/wp-json\/wp\/v2\/product\/6322\/revisions\/6323"}],"wp:featuredmedia":[{"embeddable":true,"href":"https:\/\/maison-plush.com\/fr\/wp-json\/wp\/v2\/media\/6312"}],"wp:attachment":[{"href":"https:\/\/maison-plush.com\/fr\/wp-json\/wp\/v2\/media?parent=6322"}],"wp:term":[{"taxonomy":"product_brand","embeddable":true,"href":"https:\/\/maison-plush.com\/fr\/wp-json\/wp\/v2\/product_brand?post=6322"},{"taxonomy":"product_cat","embeddable":true,"href":"https:\/\/maison-plush.com\/fr\/wp-json\/wp\/v2\/product_cat?post=6322"},{"taxonomy":"product_tag","embeddable":true,"href":"https:\/\/maison-plush.com\/fr\/wp-json\/wp\/v2\/product_tag?post=6322"}],"curies":[{"name":"wp","href":"https:\/\/api.w.org\/{rel}","templated":true}]}}