{"id":6337,"date":"2026-05-08T17:45:32","date_gmt":"2026-05-08T15:45:32","guid":{"rendered":"https:\/\/maison-plush.com\/?post_type=product&#038;p=6337"},"modified":"2026-05-08T17:46:32","modified_gmt":"2026-05-08T15:46:32","slug":"diffuseur-rainfall-forest","status":"publish","type":"product","link":"https:\/\/maison-plush.com\/fr\/fashion\/diffuseur-rainfall-forest\/","title":{"rendered":"Diffuseur Rainfall Forest"},"content":{"rendered":"<p>Une fragrance fa\u00e7onn\u00e9e par la m\u00e9moire.<br \/>\nInspir\u00e9 par la profonde qui\u00e9tude de la for\u00eat apr\u00e8s la pluie, ce diffuseur emplit l\u2019espace du parfum des feuilles mouill\u00e9es, de la terre chaude et de l\u2019air impr\u00e9gn\u00e9 de pin. Frais, vert et d\u00e9licatement enveloppant &#8211; il \u00e9voque ce moment o\u00f9 la nature expire et o\u00f9 tout semble rena\u00eetre.<br \/>\nDouce mais expressive, la fragrance se d\u00e9ploie progressivement, r\u00e9v\u00e9lant des notes de feuillage humide et une chaleur bois\u00e9e subtile dans votre int\u00e9rieur.<br \/>\nLe diffuseur lib\u00e8re en continu son parfum, cr\u00e9ant une atmosph\u00e8re calme et ancr\u00e9e &#8211; jamais envahissante, seulement une pr\u00e9sence naturelle qui persiste dans l\u2019air.<br \/>\nPlus qu\u2019un parfum d\u2019ambiance &#8211; une atmosph\u00e8re.\u2028Une pause silencieuse.\u2028Un rituel sensoriel enracin\u00e9 dans la nature.<br \/>\nCon\u00e7u pour transformer votre espace &#8211; subtil, r\u00e9confortant, essentiel.<\/p>\n","protected":false},"excerpt":{"rendered":"<p>Une fragrance fa\u00e7onn\u00e9e par la m\u00e9moire. Inspir\u00e9 par la profonde qui\u00e9tude de la for\u00eat apr\u00e8s la pluie, ce diffuseur emplit l\u2019espace du parfum des feuilles mouill\u00e9es, de la terre chaude et de l\u2019air impr\u00e9gn\u00e9 de pin. Frais, vert et d\u00e9licatement enveloppant &#8211; il \u00e9voque ce moment o\u00f9 la nature expire et o\u00f9 tout semble rena\u00eetre. [&hellip;]<\/p>\n","protected":false},"featured_media":6327,"comment_status":"open","ping_status":"closed","template":"","meta":[],"product_brand":[],"product_cat":[447],"product_tag":[],"class_list":{"0":"post-6337","1":"product","2":"type-product","3":"status-publish","4":"has-post-thumbnail","6":"product_cat-luna-code-26-fr","8":"first","9":"instock","10":"shipping-taxable","11":"purchasable","12":"product-type-simple"},"yoast_head":"<!-- This site is optimized with the Yoast SEO plugin v25.8 - https:\/\/yoast.com\/wordpress\/plugins\/seo\/ -->\n<title>Diffuseur Rainfall Forest - Maison Plush<\/title>\n<meta name=\"robots\" content=\"index, follow, max-snippet:-1, max-image-preview:large, max-video-preview:-1\" \/>\n<link rel=\"canonical\" href=\"https:\/\/maison-plush.com\/fr\/fashion\/diffuseur-rainfall-forest\/\" \/>\n<meta property=\"og:locale\" content=\"fr_FR\" \/>\n<meta property=\"og:type\" content=\"article\" \/>\n<meta property=\"og:title\" content=\"Diffuseur Rainfall Forest - Maison Plush\" \/>\n<meta property=\"og:description\" content=\"Une fragrance fa\u00e7onn\u00e9e par la m\u00e9moire. Inspir\u00e9 par la profonde qui\u00e9tude de la for\u00eat apr\u00e8s la pluie, ce diffuseur emplit l\u2019espace du parfum des feuilles mouill\u00e9es, de la terre chaude et de l\u2019air impr\u00e9gn\u00e9 de pin. Frais, vert et d\u00e9licatement enveloppant &#8211; il \u00e9voque ce moment o\u00f9 la nature expire et o\u00f9 tout semble rena\u00eetre. [&hellip;]\" \/>\n<meta property=\"og:url\" content=\"https:\/\/maison-plush.com\/fr\/fashion\/diffuseur-rainfall-forest\/\" \/>\n<meta property=\"og:site_name\" content=\"Maison Plush\" \/>\n<meta property=\"article:modified_time\" content=\"2026-05-08T15:46:32+00:00\" \/>\n<meta property=\"og:image\" content=\"https:\/\/maison-plush.com\/wp-content\/uploads\/2026\/05\/1-1-scaled.jpg\" \/>\n\t<meta property=\"og:image:width\" content=\"1706\" \/>\n\t<meta property=\"og:image:height\" content=\"2560\" \/>\n\t<meta property=\"og:image:type\" content=\"image\/jpeg\" \/>\n<meta name=\"twitter:card\" content=\"summary_large_image\" \/>\n<meta name=\"twitter:label1\" content=\"Dur\u00e9e de lecture estim\u00e9e\" \/>\n\t<meta name=\"twitter:data1\" content=\"1 minute\" \/>\n<script type=\"application\/ld+json\" class=\"yoast-schema-graph\">{\"@context\":\"https:\/\/schema.org\",\"@graph\":[{\"@type\":\"WebPage\",\"@id\":\"https:\/\/maison-plush.com\/fr\/fashion\/diffuseur-rainfall-forest\/\",\"url\":\"https:\/\/maison-plush.com\/fr\/fashion\/diffuseur-rainfall-forest\/\",\"name\":\"Diffuseur Rainfall Forest - Maison Plush\",\"isPartOf\":{\"@id\":\"https:\/\/maison-plush.com\/#website\"},\"primaryImageOfPage\":{\"@id\":\"https:\/\/maison-plush.com\/fr\/fashion\/diffuseur-rainfall-forest\/#primaryimage\"},\"image\":{\"@id\":\"https:\/\/maison-plush.com\/fr\/fashion\/diffuseur-rainfall-forest\/#primaryimage\"},\"thumbnailUrl\":\"https:\/\/maison-plush.com\/wp-content\/uploads\/2026\/05\/1-1-scaled.jpg\",\"datePublished\":\"2026-05-08T15:45:32+00:00\",\"dateModified\":\"2026-05-08T15:46:32+00:00\",\"breadcrumb\":{\"@id\":\"https:\/\/maison-plush.com\/fr\/fashion\/diffuseur-rainfall-forest\/#breadcrumb\"},\"inLanguage\":\"fr-FR\",\"potentialAction\":[{\"@type\":\"ReadAction\",\"target\":[\"https:\/\/maison-plush.com\/fr\/fashion\/diffuseur-rainfall-forest\/\"]}]},{\"@type\":\"ImageObject\",\"inLanguage\":\"fr-FR\",\"@id\":\"https:\/\/maison-plush.com\/fr\/fashion\/diffuseur-rainfall-forest\/#primaryimage\",\"url\":\"https:\/\/maison-plush.com\/wp-content\/uploads\/2026\/05\/1-1-scaled.jpg\",\"contentUrl\":\"https:\/\/maison-plush.com\/wp-content\/uploads\/2026\/05\/1-1-scaled.jpg\",\"width\":1706,\"height\":2560},{\"@type\":\"BreadcrumbList\",\"@id\":\"https:\/\/maison-plush.com\/fr\/fashion\/diffuseur-rainfall-forest\/#breadcrumb\",\"itemListElement\":[{\"@type\":\"ListItem\",\"position\":1,\"name\":\"Startseite\",\"item\":\"https:\/\/maison-plush.com\/fr\/home\/\"},{\"@type\":\"ListItem\",\"position\":2,\"name\":\"Boutique\",\"item\":\"https:\/\/maison-plush.com\/fr\/boutique\/\"},{\"@type\":\"ListItem\",\"position\":3,\"name\":\"Diffuseur Rainfall Forest\"}]},{\"@type\":\"WebSite\",\"@id\":\"https:\/\/maison-plush.com\/#website\",\"url\":\"https:\/\/maison-plush.com\/\",\"name\":\"Maison Plush\",\"description\":\"Plush your life\",\"potentialAction\":[{\"@type\":\"SearchAction\",\"target\":{\"@type\":\"EntryPoint\",\"urlTemplate\":\"https:\/\/maison-plush.com\/?s={search_term_string}\"},\"query-input\":{\"@type\":\"PropertyValueSpecification\",\"valueRequired\":true,\"valueName\":\"search_term_string\"}}],\"inLanguage\":\"fr-FR\"}]}<\/script>\n<!-- \/ Yoast SEO plugin. -->","yoast_head_json":{"title":"Diffuseur Rainfall Forest - Maison Plush","robots":{"index":"index","follow":"follow","max-snippet":"max-snippet:-1","max-image-preview":"max-image-preview:large","max-video-preview":"max-video-preview:-1"},"canonical":"https:\/\/maison-plush.com\/fr\/fashion\/diffuseur-rainfall-forest\/","og_locale":"fr_FR","og_type":"article","og_title":"Diffuseur Rainfall Forest - Maison Plush","og_description":"Une fragrance fa\u00e7onn\u00e9e par la m\u00e9moire. Inspir\u00e9 par la profonde qui\u00e9tude de la for\u00eat apr\u00e8s la pluie, ce diffuseur emplit l\u2019espace du parfum des feuilles mouill\u00e9es, de la terre chaude et de l\u2019air impr\u00e9gn\u00e9 de pin. Frais, vert et d\u00e9licatement enveloppant &#8211; il \u00e9voque ce moment o\u00f9 la nature expire et o\u00f9 tout semble rena\u00eetre. [&hellip;]","og_url":"https:\/\/maison-plush.com\/fr\/fashion\/diffuseur-rainfall-forest\/","og_site_name":"Maison Plush","article_modified_time":"2026-05-08T15:46:32+00:00","og_image":[{"width":1706,"height":2560,"url":"https:\/\/maison-plush.com\/wp-content\/uploads\/2026\/05\/1-1-scaled.jpg","type":"image\/jpeg"}],"twitter_card":"summary_large_image","twitter_misc":{"Dur\u00e9e de lecture estim\u00e9e":"1 minute"},"schema":{"@context":"https:\/\/schema.org","@graph":[{"@type":"WebPage","@id":"https:\/\/maison-plush.com\/fr\/fashion\/diffuseur-rainfall-forest\/","url":"https:\/\/maison-plush.com\/fr\/fashion\/diffuseur-rainfall-forest\/","name":"Diffuseur Rainfall Forest - Maison Plush","isPartOf":{"@id":"https:\/\/maison-plush.com\/#website"},"primaryImageOfPage":{"@id":"https:\/\/maison-plush.com\/fr\/fashion\/diffuseur-rainfall-forest\/#primaryimage"},"image":{"@id":"https:\/\/maison-plush.com\/fr\/fashion\/diffuseur-rainfall-forest\/#primaryimage"},"thumbnailUrl":"https:\/\/maison-plush.com\/wp-content\/uploads\/2026\/05\/1-1-scaled.jpg","datePublished":"2026-05-08T15:45:32+00:00","dateModified":"2026-05-08T15:46:32+00:00","breadcrumb":{"@id":"https:\/\/maison-plush.com\/fr\/fashion\/diffuseur-rainfall-forest\/#breadcrumb"},"inLanguage":"fr-FR","potentialAction":[{"@type":"ReadAction","target":["https:\/\/maison-plush.com\/fr\/fashion\/diffuseur-rainfall-forest\/"]}]},{"@type":"ImageObject","inLanguage":"fr-FR","@id":"https:\/\/maison-plush.com\/fr\/fashion\/diffuseur-rainfall-forest\/#primaryimage","url":"https:\/\/maison-plush.com\/wp-content\/uploads\/2026\/05\/1-1-scaled.jpg","contentUrl":"https:\/\/maison-plush.com\/wp-content\/uploads\/2026\/05\/1-1-scaled.jpg","width":1706,"height":2560},{"@type":"BreadcrumbList","@id":"https:\/\/maison-plush.com\/fr\/fashion\/diffuseur-rainfall-forest\/#breadcrumb","itemListElement":[{"@type":"ListItem","position":1,"name":"Startseite","item":"https:\/\/maison-plush.com\/fr\/home\/"},{"@type":"ListItem","position":2,"name":"Boutique","item":"https:\/\/maison-plush.com\/fr\/boutique\/"},{"@type":"ListItem","position":3,"name":"Diffuseur Rainfall Forest"}]},{"@type":"WebSite","@id":"https:\/\/maison-plush.com\/#website","url":"https:\/\/maison-plush.com\/","name":"Maison Plush","description":"Plush your life","potentialAction":[{"@type":"SearchAction","target":{"@type":"EntryPoint","urlTemplate":"https:\/\/maison-plush.com\/?s={search_term_string}"},"query-input":{"@type":"PropertyValueSpecification","valueRequired":true,"valueName":"search_term_string"}}],"inLanguage":"fr-FR"}]}},"_links":{"self":[{"href":"https:\/\/maison-plush.com\/fr\/wp-json\/wp\/v2\/product\/6337","targetHints":{"allow":["GET"]}}],"collection":[{"href":"https:\/\/maison-plush.com\/fr\/wp-json\/wp\/v2\/product"}],"about":[{"href":"https:\/\/maison-plush.com\/fr\/wp-json\/wp\/v2\/types\/product"}],"replies":[{"embeddable":true,"href":"https:\/\/maison-plush.com\/fr\/wp-json\/wp\/v2\/comments?post=6337"}],"version-history":[{"count":1,"href":"https:\/\/maison-plush.com\/fr\/wp-json\/wp\/v2\/product\/6337\/revisions"}],"predecessor-version":[{"id":6338,"href":"https:\/\/maison-plush.com\/fr\/wp-json\/wp\/v2\/product\/6337\/revisions\/6338"}],"wp:featuredmedia":[{"embeddable":true,"href":"https:\/\/maison-plush.com\/fr\/wp-json\/wp\/v2\/media\/6327"}],"wp:attachment":[{"href":"https:\/\/maison-plush.com\/fr\/wp-json\/wp\/v2\/media?parent=6337"}],"wp:term":[{"taxonomy":"product_brand","embeddable":true,"href":"https:\/\/maison-plush.com\/fr\/wp-json\/wp\/v2\/product_brand?post=6337"},{"taxonomy":"product_cat","embeddable":true,"href":"https:\/\/maison-plush.com\/fr\/wp-json\/wp\/v2\/product_cat?post=6337"},{"taxonomy":"product_tag","embeddable":true,"href":"https:\/\/maison-plush.com\/fr\/wp-json\/wp\/v2\/product_tag?post=6337"}],"curies":[{"name":"wp","href":"https:\/\/api.w.org\/{rel}","templated":true}]}}