{"id":6361,"date":"2026-05-08T17:56:49","date_gmt":"2026-05-08T15:56:49","guid":{"rendered":"https:\/\/maison-plush.com\/?post_type=product&#038;p=6361"},"modified":"2026-05-08T17:59:21","modified_gmt":"2026-05-08T15:59:21","slug":"creme-mains-rainfall-forest","status":"publish","type":"product","link":"https:\/\/maison-plush.com\/fr\/fashion\/creme-mains-rainfall-forest\/","title":{"rendered":"Cr\u00e8me Mains Rainfall Forest"},"content":{"rendered":"<p>Une fragrance fa\u00e7onn\u00e9e par la m\u00e9moire.<br \/>\nInspir\u00e9e par le calme profond de la for\u00eat apr\u00e8s la pluie, cette cr\u00e8me pour les mains capture le parfum des feuilles humides, de la terre r\u00e9chauff\u00e9e et de l\u2019air impr\u00e9gn\u00e9 de pin. Fra\u00eeche, verte et d\u00e9licatement enveloppante &#8211; elle \u00e9voque l\u2019instant o\u00f9 la nature respire et o\u00f9 tout reprend vie.<br \/>\nDouce mais expressive, la fragrance se d\u00e9ploie lentement sur la peau, r\u00e9v\u00e9lant des notes de feuillage humide et une subtile chaleur bois\u00e9e.<br \/>\nSa texture soyeuse fond instantan\u00e9ment, offrant une hydratation durable tout en laissant les mains douces, lisses et d\u00e9licatement parfum\u00e9es. Jamais lourde &#8211; seulement une empreinte naturelle et a\u00e9rienne.<br \/>\nPlus qu\u2019un soin &#8211; un retour \u00e0 soi.\u2028Une pause silencieuse.\u2028Un rituel sensoriel enracin\u00e9 dans la nature.<br \/>\nPens\u00e9e pour vous accompagner tout au long de la journ\u00e9e &#8211; discr\u00e8te, r\u00e9confortante, essentielle.<\/p>\n","protected":false},"excerpt":{"rendered":"<p>Une fragrance fa\u00e7onn\u00e9e par la m\u00e9moire. Inspir\u00e9e par le calme profond de la for\u00eat apr\u00e8s la pluie, cette cr\u00e8me pour les mains capture le parfum des feuilles humides, de la terre r\u00e9chauff\u00e9e et de l\u2019air impr\u00e9gn\u00e9 de pin. Fra\u00eeche, verte et d\u00e9licatement enveloppante &#8211; elle \u00e9voque l\u2019instant o\u00f9 la nature respire et o\u00f9 tout reprend [&hellip;]<\/p>\n","protected":false},"featured_media":6360,"comment_status":"open","ping_status":"closed","template":"","meta":[],"product_brand":[],"product_cat":[447],"product_tag":[],"class_list":{"0":"post-6361","1":"product","2":"type-product","3":"status-publish","4":"has-post-thumbnail","6":"product_cat-luna-code-26-fr","8":"first","9":"instock","10":"shipping-taxable","11":"purchasable","12":"product-type-simple"},"yoast_head":"<!-- This site is optimized with the Yoast SEO plugin v25.8 - https:\/\/yoast.com\/wordpress\/plugins\/seo\/ -->\n<title>Cr\u00e8me Mains Rainfall Forest - Maison Plush<\/title>\n<meta name=\"robots\" content=\"index, follow, max-snippet:-1, max-image-preview:large, max-video-preview:-1\" \/>\n<link rel=\"canonical\" href=\"https:\/\/maison-plush.com\/fr\/fashion\/creme-mains-rainfall-forest\/\" \/>\n<meta property=\"og:locale\" content=\"fr_FR\" \/>\n<meta property=\"og:type\" content=\"article\" \/>\n<meta property=\"og:title\" content=\"Cr\u00e8me Mains Rainfall Forest - Maison Plush\" \/>\n<meta property=\"og:description\" content=\"Une fragrance fa\u00e7onn\u00e9e par la m\u00e9moire. Inspir\u00e9e par le calme profond de la for\u00eat apr\u00e8s la pluie, cette cr\u00e8me pour les mains capture le parfum des feuilles humides, de la terre r\u00e9chauff\u00e9e et de l\u2019air impr\u00e9gn\u00e9 de pin. Fra\u00eeche, verte et d\u00e9licatement enveloppante &#8211; elle \u00e9voque l\u2019instant o\u00f9 la nature respire et o\u00f9 tout reprend [&hellip;]\" \/>\n<meta property=\"og:url\" content=\"https:\/\/maison-plush.com\/fr\/fashion\/creme-mains-rainfall-forest\/\" \/>\n<meta property=\"og:site_name\" content=\"Maison Plush\" \/>\n<meta property=\"article:modified_time\" content=\"2026-05-08T15:59:21+00:00\" \/>\n<meta property=\"og:image\" content=\"https:\/\/maison-plush.com\/wp-content\/uploads\/2026\/05\/MP2_4731_Bibc8t1K-scaled.jpg\" \/>\n\t<meta property=\"og:image:width\" content=\"2560\" \/>\n\t<meta property=\"og:image:height\" content=\"1708\" \/>\n\t<meta property=\"og:image:type\" content=\"image\/jpeg\" \/>\n<meta name=\"twitter:card\" content=\"summary_large_image\" \/>\n<meta name=\"twitter:label1\" content=\"Dur\u00e9e de lecture estim\u00e9e\" \/>\n\t<meta name=\"twitter:data1\" content=\"1 minute\" \/>\n<script type=\"application\/ld+json\" class=\"yoast-schema-graph\">{\"@context\":\"https:\/\/schema.org\",\"@graph\":[{\"@type\":\"WebPage\",\"@id\":\"https:\/\/maison-plush.com\/fr\/fashion\/creme-mains-rainfall-forest\/\",\"url\":\"https:\/\/maison-plush.com\/fr\/fashion\/creme-mains-rainfall-forest\/\",\"name\":\"Cr\u00e8me Mains Rainfall Forest - Maison Plush\",\"isPartOf\":{\"@id\":\"https:\/\/maison-plush.com\/#website\"},\"primaryImageOfPage\":{\"@id\":\"https:\/\/maison-plush.com\/fr\/fashion\/creme-mains-rainfall-forest\/#primaryimage\"},\"image\":{\"@id\":\"https:\/\/maison-plush.com\/fr\/fashion\/creme-mains-rainfall-forest\/#primaryimage\"},\"thumbnailUrl\":\"https:\/\/maison-plush.com\/wp-content\/uploads\/2026\/05\/MP2_4731_Bibc8t1K-scaled.jpg\",\"datePublished\":\"2026-05-08T15:56:49+00:00\",\"dateModified\":\"2026-05-08T15:59:21+00:00\",\"breadcrumb\":{\"@id\":\"https:\/\/maison-plush.com\/fr\/fashion\/creme-mains-rainfall-forest\/#breadcrumb\"},\"inLanguage\":\"fr-FR\",\"potentialAction\":[{\"@type\":\"ReadAction\",\"target\":[\"https:\/\/maison-plush.com\/fr\/fashion\/creme-mains-rainfall-forest\/\"]}]},{\"@type\":\"ImageObject\",\"inLanguage\":\"fr-FR\",\"@id\":\"https:\/\/maison-plush.com\/fr\/fashion\/creme-mains-rainfall-forest\/#primaryimage\",\"url\":\"https:\/\/maison-plush.com\/wp-content\/uploads\/2026\/05\/MP2_4731_Bibc8t1K-scaled.jpg\",\"contentUrl\":\"https:\/\/maison-plush.com\/wp-content\/uploads\/2026\/05\/MP2_4731_Bibc8t1K-scaled.jpg\",\"width\":2560,\"height\":1708,\"caption\":\"PARIS, FRANCE - APRIL 14: &lt;&gt; attends PLUSH \\\"LUNA Code\\\" Immersive Presentation on April 14, 2026 in Paris, France. (Photo by Marc Piasecki\/Getty Images for PLUSH)\"},{\"@type\":\"BreadcrumbList\",\"@id\":\"https:\/\/maison-plush.com\/fr\/fashion\/creme-mains-rainfall-forest\/#breadcrumb\",\"itemListElement\":[{\"@type\":\"ListItem\",\"position\":1,\"name\":\"Startseite\",\"item\":\"https:\/\/maison-plush.com\/fr\/home\/\"},{\"@type\":\"ListItem\",\"position\":2,\"name\":\"Boutique\",\"item\":\"https:\/\/maison-plush.com\/fr\/boutique\/\"},{\"@type\":\"ListItem\",\"position\":3,\"name\":\"Cr\u00e8me Mains Rainfall Forest\"}]},{\"@type\":\"WebSite\",\"@id\":\"https:\/\/maison-plush.com\/#website\",\"url\":\"https:\/\/maison-plush.com\/\",\"name\":\"Maison Plush\",\"description\":\"Plush your life\",\"potentialAction\":[{\"@type\":\"SearchAction\",\"target\":{\"@type\":\"EntryPoint\",\"urlTemplate\":\"https:\/\/maison-plush.com\/?s={search_term_string}\"},\"query-input\":{\"@type\":\"PropertyValueSpecification\",\"valueRequired\":true,\"valueName\":\"search_term_string\"}}],\"inLanguage\":\"fr-FR\"}]}<\/script>\n<!-- \/ Yoast SEO plugin. -->","yoast_head_json":{"title":"Cr\u00e8me Mains Rainfall Forest - Maison Plush","robots":{"index":"index","follow":"follow","max-snippet":"max-snippet:-1","max-image-preview":"max-image-preview:large","max-video-preview":"max-video-preview:-1"},"canonical":"https:\/\/maison-plush.com\/fr\/fashion\/creme-mains-rainfall-forest\/","og_locale":"fr_FR","og_type":"article","og_title":"Cr\u00e8me Mains Rainfall Forest - Maison Plush","og_description":"Une fragrance fa\u00e7onn\u00e9e par la m\u00e9moire. Inspir\u00e9e par le calme profond de la for\u00eat apr\u00e8s la pluie, cette cr\u00e8me pour les mains capture le parfum des feuilles humides, de la terre r\u00e9chauff\u00e9e et de l\u2019air impr\u00e9gn\u00e9 de pin. Fra\u00eeche, verte et d\u00e9licatement enveloppante &#8211; elle \u00e9voque l\u2019instant o\u00f9 la nature respire et o\u00f9 tout reprend [&hellip;]","og_url":"https:\/\/maison-plush.com\/fr\/fashion\/creme-mains-rainfall-forest\/","og_site_name":"Maison Plush","article_modified_time":"2026-05-08T15:59:21+00:00","og_image":[{"width":2560,"height":1708,"url":"https:\/\/maison-plush.com\/wp-content\/uploads\/2026\/05\/MP2_4731_Bibc8t1K-scaled.jpg","type":"image\/jpeg"}],"twitter_card":"summary_large_image","twitter_misc":{"Dur\u00e9e de lecture estim\u00e9e":"1 minute"},"schema":{"@context":"https:\/\/schema.org","@graph":[{"@type":"WebPage","@id":"https:\/\/maison-plush.com\/fr\/fashion\/creme-mains-rainfall-forest\/","url":"https:\/\/maison-plush.com\/fr\/fashion\/creme-mains-rainfall-forest\/","name":"Cr\u00e8me Mains Rainfall Forest - Maison Plush","isPartOf":{"@id":"https:\/\/maison-plush.com\/#website"},"primaryImageOfPage":{"@id":"https:\/\/maison-plush.com\/fr\/fashion\/creme-mains-rainfall-forest\/#primaryimage"},"image":{"@id":"https:\/\/maison-plush.com\/fr\/fashion\/creme-mains-rainfall-forest\/#primaryimage"},"thumbnailUrl":"https:\/\/maison-plush.com\/wp-content\/uploads\/2026\/05\/MP2_4731_Bibc8t1K-scaled.jpg","datePublished":"2026-05-08T15:56:49+00:00","dateModified":"2026-05-08T15:59:21+00:00","breadcrumb":{"@id":"https:\/\/maison-plush.com\/fr\/fashion\/creme-mains-rainfall-forest\/#breadcrumb"},"inLanguage":"fr-FR","potentialAction":[{"@type":"ReadAction","target":["https:\/\/maison-plush.com\/fr\/fashion\/creme-mains-rainfall-forest\/"]}]},{"@type":"ImageObject","inLanguage":"fr-FR","@id":"https:\/\/maison-plush.com\/fr\/fashion\/creme-mains-rainfall-forest\/#primaryimage","url":"https:\/\/maison-plush.com\/wp-content\/uploads\/2026\/05\/MP2_4731_Bibc8t1K-scaled.jpg","contentUrl":"https:\/\/maison-plush.com\/wp-content\/uploads\/2026\/05\/MP2_4731_Bibc8t1K-scaled.jpg","width":2560,"height":1708,"caption":"PARIS, FRANCE - APRIL 14: &lt;&gt; attends PLUSH \"LUNA Code\" Immersive Presentation on April 14, 2026 in Paris, France. (Photo by Marc Piasecki\/Getty Images for PLUSH)"},{"@type":"BreadcrumbList","@id":"https:\/\/maison-plush.com\/fr\/fashion\/creme-mains-rainfall-forest\/#breadcrumb","itemListElement":[{"@type":"ListItem","position":1,"name":"Startseite","item":"https:\/\/maison-plush.com\/fr\/home\/"},{"@type":"ListItem","position":2,"name":"Boutique","item":"https:\/\/maison-plush.com\/fr\/boutique\/"},{"@type":"ListItem","position":3,"name":"Cr\u00e8me Mains Rainfall Forest"}]},{"@type":"WebSite","@id":"https:\/\/maison-plush.com\/#website","url":"https:\/\/maison-plush.com\/","name":"Maison Plush","description":"Plush your life","potentialAction":[{"@type":"SearchAction","target":{"@type":"EntryPoint","urlTemplate":"https:\/\/maison-plush.com\/?s={search_term_string}"},"query-input":{"@type":"PropertyValueSpecification","valueRequired":true,"valueName":"search_term_string"}}],"inLanguage":"fr-FR"}]}},"_links":{"self":[{"href":"https:\/\/maison-plush.com\/fr\/wp-json\/wp\/v2\/product\/6361","targetHints":{"allow":["GET"]}}],"collection":[{"href":"https:\/\/maison-plush.com\/fr\/wp-json\/wp\/v2\/product"}],"about":[{"href":"https:\/\/maison-plush.com\/fr\/wp-json\/wp\/v2\/types\/product"}],"replies":[{"embeddable":true,"href":"https:\/\/maison-plush.com\/fr\/wp-json\/wp\/v2\/comments?post=6361"}],"version-history":[{"count":1,"href":"https:\/\/maison-plush.com\/fr\/wp-json\/wp\/v2\/product\/6361\/revisions"}],"predecessor-version":[{"id":6362,"href":"https:\/\/maison-plush.com\/fr\/wp-json\/wp\/v2\/product\/6361\/revisions\/6362"}],"wp:featuredmedia":[{"embeddable":true,"href":"https:\/\/maison-plush.com\/fr\/wp-json\/wp\/v2\/media\/6360"}],"wp:attachment":[{"href":"https:\/\/maison-plush.com\/fr\/wp-json\/wp\/v2\/media?parent=6361"}],"wp:term":[{"taxonomy":"product_brand","embeddable":true,"href":"https:\/\/maison-plush.com\/fr\/wp-json\/wp\/v2\/product_brand?post=6361"},{"taxonomy":"product_cat","embeddable":true,"href":"https:\/\/maison-plush.com\/fr\/wp-json\/wp\/v2\/product_cat?post=6361"},{"taxonomy":"product_tag","embeddable":true,"href":"https:\/\/maison-plush.com\/fr\/wp-json\/wp\/v2\/product_tag?post=6361"}],"curies":[{"name":"wp","href":"https:\/\/api.w.org\/{rel}","templated":true}]}}