{"id":6363,"date":"2026-05-08T18:06:39","date_gmt":"2026-05-08T16:06:39","guid":{"rendered":"https:\/\/maison-plush.com\/?post_type=product&#038;p=6363"},"modified":"2026-05-08T18:11:36","modified_gmt":"2026-05-08T16:11:36","slug":"corset-dress","status":"publish","type":"product","link":"https:\/\/maison-plush.com\/fr\/fashion\/corset-dress\/","title":{"rendered":"Corset dress"},"content":{"rendered":"<p>Une robe corset sculpturale, fa\u00e7onn\u00e9e au cours de plus de 145 heures de travail. Enti\u00e8rement recouverte de v\u00e9ritables cheveux humains, trait\u00e9s au latex pour cr\u00e9er une surface humide, presque liquide.<\/p>\n<p>D\u00e9velopp\u00e9e \u00e0 travers plusieurs prototypes, la pi\u00e8ce est construite avec pr\u00e9cision, avec une structure de hanches sur mesure. Chaque m\u00e8che est plac\u00e9e et coup\u00e9e \u00e0 la main, cr\u00e9ant un mouvement brut et organique.<\/p>\n<p>Structur\u00e9e avec des cordons tress\u00e9s en cheveux, renforc\u00e9s pour maintenir la tension.<br \/>\nUn v\u00eatement qui devient une surface &#8211; une seconde peau.<\/p>\n","protected":false},"excerpt":{"rendered":"<p>Une robe corset sculpturale, fa\u00e7onn\u00e9e au cours de plus de 145 heures de travail. Enti\u00e8rement recouverte de v\u00e9ritables cheveux humains, trait\u00e9s au latex pour cr\u00e9er une surface humide, presque liquide. D\u00e9velopp\u00e9e \u00e0 travers plusieurs prototypes, la pi\u00e8ce est construite avec pr\u00e9cision, avec une structure de hanches sur mesure. Chaque m\u00e8che est plac\u00e9e et coup\u00e9e \u00e0 [&hellip;]<\/p>\n","protected":false},"featured_media":6364,"comment_status":"open","ping_status":"closed","template":"","meta":[],"product_brand":[],"product_cat":[447],"product_tag":[],"class_list":{"0":"post-6363","1":"product","2":"type-product","3":"status-publish","4":"has-post-thumbnail","6":"product_cat-luna-code-26-fr","8":"first","9":"onbackorder","10":"shipping-taxable","11":"product-type-simple"},"yoast_head":"<!-- This site is optimized with the Yoast SEO plugin v25.8 - https:\/\/yoast.com\/wordpress\/plugins\/seo\/ -->\n<title>Corset dress - Maison Plush<\/title>\n<meta name=\"robots\" content=\"index, follow, max-snippet:-1, max-image-preview:large, max-video-preview:-1\" \/>\n<link rel=\"canonical\" href=\"https:\/\/maison-plush.com\/fr\/fashion\/corset-dress\/\" \/>\n<meta property=\"og:locale\" content=\"fr_FR\" \/>\n<meta property=\"og:type\" content=\"article\" \/>\n<meta property=\"og:title\" content=\"Corset dress - Maison Plush\" \/>\n<meta property=\"og:description\" content=\"Une robe corset sculpturale, fa\u00e7onn\u00e9e au cours de plus de 145 heures de travail. Enti\u00e8rement recouverte de v\u00e9ritables cheveux humains, trait\u00e9s au latex pour cr\u00e9er une surface humide, presque liquide. D\u00e9velopp\u00e9e \u00e0 travers plusieurs prototypes, la pi\u00e8ce est construite avec pr\u00e9cision, avec une structure de hanches sur mesure. Chaque m\u00e8che est plac\u00e9e et coup\u00e9e \u00e0 [&hellip;]\" \/>\n<meta property=\"og:url\" content=\"https:\/\/maison-plush.com\/fr\/fashion\/corset-dress\/\" \/>\n<meta property=\"og:site_name\" content=\"Maison Plush\" \/>\n<meta property=\"article:modified_time\" content=\"2026-05-08T16:11:36+00:00\" \/>\n<meta property=\"og:image\" content=\"https:\/\/maison-plush.com\/wp-content\/uploads\/2026\/05\/260405_LunaCode_07_0850-scaled.jpg\" \/>\n\t<meta property=\"og:image:width\" content=\"1708\" \/>\n\t<meta property=\"og:image:height\" content=\"2560\" \/>\n\t<meta property=\"og:image:type\" content=\"image\/jpeg\" \/>\n<meta name=\"twitter:card\" content=\"summary_large_image\" \/>\n<meta name=\"twitter:label1\" content=\"Dur\u00e9e de lecture estim\u00e9e\" \/>\n\t<meta name=\"twitter:data1\" content=\"1 minute\" \/>\n<script type=\"application\/ld+json\" class=\"yoast-schema-graph\">{\"@context\":\"https:\/\/schema.org\",\"@graph\":[{\"@type\":\"WebPage\",\"@id\":\"https:\/\/maison-plush.com\/fr\/fashion\/corset-dress\/\",\"url\":\"https:\/\/maison-plush.com\/fr\/fashion\/corset-dress\/\",\"name\":\"Corset dress - Maison Plush\",\"isPartOf\":{\"@id\":\"https:\/\/maison-plush.com\/#website\"},\"primaryImageOfPage\":{\"@id\":\"https:\/\/maison-plush.com\/fr\/fashion\/corset-dress\/#primaryimage\"},\"image\":{\"@id\":\"https:\/\/maison-plush.com\/fr\/fashion\/corset-dress\/#primaryimage\"},\"thumbnailUrl\":\"https:\/\/maison-plush.com\/wp-content\/uploads\/2026\/05\/260405_LunaCode_07_0850-scaled.jpg\",\"datePublished\":\"2026-05-08T16:06:39+00:00\",\"dateModified\":\"2026-05-08T16:11:36+00:00\",\"breadcrumb\":{\"@id\":\"https:\/\/maison-plush.com\/fr\/fashion\/corset-dress\/#breadcrumb\"},\"inLanguage\":\"fr-FR\",\"potentialAction\":[{\"@type\":\"ReadAction\",\"target\":[\"https:\/\/maison-plush.com\/fr\/fashion\/corset-dress\/\"]}]},{\"@type\":\"ImageObject\",\"inLanguage\":\"fr-FR\",\"@id\":\"https:\/\/maison-plush.com\/fr\/fashion\/corset-dress\/#primaryimage\",\"url\":\"https:\/\/maison-plush.com\/wp-content\/uploads\/2026\/05\/260405_LunaCode_07_0850-scaled.jpg\",\"contentUrl\":\"https:\/\/maison-plush.com\/wp-content\/uploads\/2026\/05\/260405_LunaCode_07_0850-scaled.jpg\",\"width\":1708,\"height\":2560},{\"@type\":\"BreadcrumbList\",\"@id\":\"https:\/\/maison-plush.com\/fr\/fashion\/corset-dress\/#breadcrumb\",\"itemListElement\":[{\"@type\":\"ListItem\",\"position\":1,\"name\":\"Startseite\",\"item\":\"https:\/\/maison-plush.com\/fr\/home\/\"},{\"@type\":\"ListItem\",\"position\":2,\"name\":\"Boutique\",\"item\":\"https:\/\/maison-plush.com\/fr\/boutique\/\"},{\"@type\":\"ListItem\",\"position\":3,\"name\":\"Corset dress\"}]},{\"@type\":\"WebSite\",\"@id\":\"https:\/\/maison-plush.com\/#website\",\"url\":\"https:\/\/maison-plush.com\/\",\"name\":\"Maison Plush\",\"description\":\"Plush your life\",\"potentialAction\":[{\"@type\":\"SearchAction\",\"target\":{\"@type\":\"EntryPoint\",\"urlTemplate\":\"https:\/\/maison-plush.com\/?s={search_term_string}\"},\"query-input\":{\"@type\":\"PropertyValueSpecification\",\"valueRequired\":true,\"valueName\":\"search_term_string\"}}],\"inLanguage\":\"fr-FR\"}]}<\/script>\n<!-- \/ Yoast SEO plugin. -->","yoast_head_json":{"title":"Corset dress - Maison Plush","robots":{"index":"index","follow":"follow","max-snippet":"max-snippet:-1","max-image-preview":"max-image-preview:large","max-video-preview":"max-video-preview:-1"},"canonical":"https:\/\/maison-plush.com\/fr\/fashion\/corset-dress\/","og_locale":"fr_FR","og_type":"article","og_title":"Corset dress - Maison Plush","og_description":"Une robe corset sculpturale, fa\u00e7onn\u00e9e au cours de plus de 145 heures de travail. Enti\u00e8rement recouverte de v\u00e9ritables cheveux humains, trait\u00e9s au latex pour cr\u00e9er une surface humide, presque liquide. D\u00e9velopp\u00e9e \u00e0 travers plusieurs prototypes, la pi\u00e8ce est construite avec pr\u00e9cision, avec une structure de hanches sur mesure. Chaque m\u00e8che est plac\u00e9e et coup\u00e9e \u00e0 [&hellip;]","og_url":"https:\/\/maison-plush.com\/fr\/fashion\/corset-dress\/","og_site_name":"Maison Plush","article_modified_time":"2026-05-08T16:11:36+00:00","og_image":[{"width":1708,"height":2560,"url":"https:\/\/maison-plush.com\/wp-content\/uploads\/2026\/05\/260405_LunaCode_07_0850-scaled.jpg","type":"image\/jpeg"}],"twitter_card":"summary_large_image","twitter_misc":{"Dur\u00e9e de lecture estim\u00e9e":"1 minute"},"schema":{"@context":"https:\/\/schema.org","@graph":[{"@type":"WebPage","@id":"https:\/\/maison-plush.com\/fr\/fashion\/corset-dress\/","url":"https:\/\/maison-plush.com\/fr\/fashion\/corset-dress\/","name":"Corset dress - Maison Plush","isPartOf":{"@id":"https:\/\/maison-plush.com\/#website"},"primaryImageOfPage":{"@id":"https:\/\/maison-plush.com\/fr\/fashion\/corset-dress\/#primaryimage"},"image":{"@id":"https:\/\/maison-plush.com\/fr\/fashion\/corset-dress\/#primaryimage"},"thumbnailUrl":"https:\/\/maison-plush.com\/wp-content\/uploads\/2026\/05\/260405_LunaCode_07_0850-scaled.jpg","datePublished":"2026-05-08T16:06:39+00:00","dateModified":"2026-05-08T16:11:36+00:00","breadcrumb":{"@id":"https:\/\/maison-plush.com\/fr\/fashion\/corset-dress\/#breadcrumb"},"inLanguage":"fr-FR","potentialAction":[{"@type":"ReadAction","target":["https:\/\/maison-plush.com\/fr\/fashion\/corset-dress\/"]}]},{"@type":"ImageObject","inLanguage":"fr-FR","@id":"https:\/\/maison-plush.com\/fr\/fashion\/corset-dress\/#primaryimage","url":"https:\/\/maison-plush.com\/wp-content\/uploads\/2026\/05\/260405_LunaCode_07_0850-scaled.jpg","contentUrl":"https:\/\/maison-plush.com\/wp-content\/uploads\/2026\/05\/260405_LunaCode_07_0850-scaled.jpg","width":1708,"height":2560},{"@type":"BreadcrumbList","@id":"https:\/\/maison-plush.com\/fr\/fashion\/corset-dress\/#breadcrumb","itemListElement":[{"@type":"ListItem","position":1,"name":"Startseite","item":"https:\/\/maison-plush.com\/fr\/home\/"},{"@type":"ListItem","position":2,"name":"Boutique","item":"https:\/\/maison-plush.com\/fr\/boutique\/"},{"@type":"ListItem","position":3,"name":"Corset dress"}]},{"@type":"WebSite","@id":"https:\/\/maison-plush.com\/#website","url":"https:\/\/maison-plush.com\/","name":"Maison Plush","description":"Plush your life","potentialAction":[{"@type":"SearchAction","target":{"@type":"EntryPoint","urlTemplate":"https:\/\/maison-plush.com\/?s={search_term_string}"},"query-input":{"@type":"PropertyValueSpecification","valueRequired":true,"valueName":"search_term_string"}}],"inLanguage":"fr-FR"}]}},"_links":{"self":[{"href":"https:\/\/maison-plush.com\/fr\/wp-json\/wp\/v2\/product\/6363","targetHints":{"allow":["GET"]}}],"collection":[{"href":"https:\/\/maison-plush.com\/fr\/wp-json\/wp\/v2\/product"}],"about":[{"href":"https:\/\/maison-plush.com\/fr\/wp-json\/wp\/v2\/types\/product"}],"replies":[{"embeddable":true,"href":"https:\/\/maison-plush.com\/fr\/wp-json\/wp\/v2\/comments?post=6363"}],"version-history":[{"count":2,"href":"https:\/\/maison-plush.com\/fr\/wp-json\/wp\/v2\/product\/6363\/revisions"}],"predecessor-version":[{"id":6372,"href":"https:\/\/maison-plush.com\/fr\/wp-json\/wp\/v2\/product\/6363\/revisions\/6372"}],"wp:featuredmedia":[{"embeddable":true,"href":"https:\/\/maison-plush.com\/fr\/wp-json\/wp\/v2\/media\/6364"}],"wp:attachment":[{"href":"https:\/\/maison-plush.com\/fr\/wp-json\/wp\/v2\/media?parent=6363"}],"wp:term":[{"taxonomy":"product_brand","embeddable":true,"href":"https:\/\/maison-plush.com\/fr\/wp-json\/wp\/v2\/product_brand?post=6363"},{"taxonomy":"product_cat","embeddable":true,"href":"https:\/\/maison-plush.com\/fr\/wp-json\/wp\/v2\/product_cat?post=6363"},{"taxonomy":"product_tag","embeddable":true,"href":"https:\/\/maison-plush.com\/fr\/wp-json\/wp\/v2\/product_tag?post=6363"}],"curies":[{"name":"wp","href":"https:\/\/api.w.org\/{rel}","templated":true}]}}