{"id":6375,"date":"2026-05-08T18:18:58","date_gmt":"2026-05-08T16:18:58","guid":{"rendered":"https:\/\/maison-plush.com\/?post_type=product&#038;p=6375"},"modified":"2026-05-08T18:26:03","modified_gmt":"2026-05-08T16:26:03","slug":"feather-dress","status":"publish","type":"product","link":"https:\/\/maison-plush.com\/fr\/fashion\/feather-dress\/","title":{"rendered":"Robe \u00e0 plumes"},"content":{"rendered":"<p>Une silhouette fa\u00e7onn\u00e9e au cours de plus de 100 heures de travail, d\u00e9finie par la pr\u00e9cision et le mouvement.<br \/>\nConstruite sur une base transparente et d\u00e9licate, la robe est structur\u00e9e par une ligne de boutons cousus individuellement, cr\u00e9ant une forme sans ajouter de poids. Des plumes fa\u00e7onn\u00e9es \u00e0 la main \u00e9pousent le corps, permettant un mouvement fluide et naturel.<br \/>\nLa tra\u00eene prolong\u00e9e en plumes apporte profondeur et continuit\u00e9, tandis qu\u2019un bracelet m\u00e9tallique sculptural &#8211; model\u00e9 \u00e0 la main en cire, coul\u00e9 en bronze selon des techniques de joaillerie, puis fini par un placage en rhodium &#8211; introduit un contraste structurel.<br \/>\nUn v\u00eatement con\u00e7u en mouvement &#8211; qui se transforme, suit et r\u00e9agit.<\/p>\n","protected":false},"excerpt":{"rendered":"<p>Une silhouette fa\u00e7onn\u00e9e au cours de plus de 100 heures de travail, d\u00e9finie par la pr\u00e9cision et le mouvement. Construite sur une base transparente et d\u00e9licate, la robe est structur\u00e9e par une ligne de boutons cousus individuellement, cr\u00e9ant une forme sans ajouter de poids. Des plumes fa\u00e7onn\u00e9es \u00e0 la main \u00e9pousent le corps, permettant un [&hellip;]<\/p>\n","protected":false},"featured_media":6376,"comment_status":"open","ping_status":"closed","template":"","meta":[],"product_brand":[],"product_cat":[447],"product_tag":[],"class_list":{"0":"post-6375","1":"product","2":"type-product","3":"status-publish","4":"has-post-thumbnail","6":"product_cat-luna-code-26-fr","8":"first","9":"onbackorder","10":"shipping-taxable","11":"product-type-simple"},"yoast_head":"<!-- This site is optimized with the Yoast SEO plugin v25.8 - https:\/\/yoast.com\/wordpress\/plugins\/seo\/ -->\n<title>Robe \u00e0 plumes - Maison Plush<\/title>\n<meta name=\"robots\" content=\"index, follow, max-snippet:-1, max-image-preview:large, max-video-preview:-1\" \/>\n<link rel=\"canonical\" href=\"https:\/\/maison-plush.com\/fr\/fashion\/feather-dress\/\" \/>\n<meta property=\"og:locale\" content=\"fr_FR\" \/>\n<meta property=\"og:type\" content=\"article\" \/>\n<meta property=\"og:title\" content=\"Robe \u00e0 plumes - Maison Plush\" \/>\n<meta property=\"og:description\" content=\"Une silhouette fa\u00e7onn\u00e9e au cours de plus de 100 heures de travail, d\u00e9finie par la pr\u00e9cision et le mouvement. Construite sur une base transparente et d\u00e9licate, la robe est structur\u00e9e par une ligne de boutons cousus individuellement, cr\u00e9ant une forme sans ajouter de poids. Des plumes fa\u00e7onn\u00e9es \u00e0 la main \u00e9pousent le corps, permettant un [&hellip;]\" \/>\n<meta property=\"og:url\" content=\"https:\/\/maison-plush.com\/fr\/fashion\/feather-dress\/\" \/>\n<meta property=\"og:site_name\" content=\"Maison Plush\" \/>\n<meta property=\"article:modified_time\" content=\"2026-05-08T16:26:03+00:00\" \/>\n<meta property=\"og:image\" content=\"https:\/\/maison-plush.com\/wp-content\/uploads\/2026\/05\/260405_LunaCode_08_1098-scaled.jpg\" \/>\n\t<meta property=\"og:image:width\" content=\"1708\" \/>\n\t<meta property=\"og:image:height\" content=\"2560\" \/>\n\t<meta property=\"og:image:type\" content=\"image\/jpeg\" \/>\n<meta name=\"twitter:card\" content=\"summary_large_image\" \/>\n<meta name=\"twitter:label1\" content=\"Dur\u00e9e de lecture estim\u00e9e\" \/>\n\t<meta name=\"twitter:data1\" content=\"1 minute\" \/>\n<script type=\"application\/ld+json\" class=\"yoast-schema-graph\">{\"@context\":\"https:\/\/schema.org\",\"@graph\":[{\"@type\":\"WebPage\",\"@id\":\"https:\/\/maison-plush.com\/fr\/fashion\/feather-dress\/\",\"url\":\"https:\/\/maison-plush.com\/fr\/fashion\/feather-dress\/\",\"name\":\"Robe \u00e0 plumes - Maison Plush\",\"isPartOf\":{\"@id\":\"https:\/\/maison-plush.com\/#website\"},\"primaryImageOfPage\":{\"@id\":\"https:\/\/maison-plush.com\/fr\/fashion\/feather-dress\/#primaryimage\"},\"image\":{\"@id\":\"https:\/\/maison-plush.com\/fr\/fashion\/feather-dress\/#primaryimage\"},\"thumbnailUrl\":\"https:\/\/maison-plush.com\/wp-content\/uploads\/2026\/05\/260405_LunaCode_08_1098-scaled.jpg\",\"datePublished\":\"2026-05-08T16:18:58+00:00\",\"dateModified\":\"2026-05-08T16:26:03+00:00\",\"breadcrumb\":{\"@id\":\"https:\/\/maison-plush.com\/fr\/fashion\/feather-dress\/#breadcrumb\"},\"inLanguage\":\"fr-FR\",\"potentialAction\":[{\"@type\":\"ReadAction\",\"target\":[\"https:\/\/maison-plush.com\/fr\/fashion\/feather-dress\/\"]}]},{\"@type\":\"ImageObject\",\"inLanguage\":\"fr-FR\",\"@id\":\"https:\/\/maison-plush.com\/fr\/fashion\/feather-dress\/#primaryimage\",\"url\":\"https:\/\/maison-plush.com\/wp-content\/uploads\/2026\/05\/260405_LunaCode_08_1098-scaled.jpg\",\"contentUrl\":\"https:\/\/maison-plush.com\/wp-content\/uploads\/2026\/05\/260405_LunaCode_08_1098-scaled.jpg\",\"width\":1708,\"height\":2560},{\"@type\":\"BreadcrumbList\",\"@id\":\"https:\/\/maison-plush.com\/fr\/fashion\/feather-dress\/#breadcrumb\",\"itemListElement\":[{\"@type\":\"ListItem\",\"position\":1,\"name\":\"Startseite\",\"item\":\"https:\/\/maison-plush.com\/fr\/home\/\"},{\"@type\":\"ListItem\",\"position\":2,\"name\":\"Boutique\",\"item\":\"https:\/\/maison-plush.com\/fr\/boutique\/\"},{\"@type\":\"ListItem\",\"position\":3,\"name\":\"Robe \u00e0 plumes\"}]},{\"@type\":\"WebSite\",\"@id\":\"https:\/\/maison-plush.com\/#website\",\"url\":\"https:\/\/maison-plush.com\/\",\"name\":\"Maison Plush\",\"description\":\"Plush your life\",\"potentialAction\":[{\"@type\":\"SearchAction\",\"target\":{\"@type\":\"EntryPoint\",\"urlTemplate\":\"https:\/\/maison-plush.com\/?s={search_term_string}\"},\"query-input\":{\"@type\":\"PropertyValueSpecification\",\"valueRequired\":true,\"valueName\":\"search_term_string\"}}],\"inLanguage\":\"fr-FR\"}]}<\/script>\n<!-- \/ Yoast SEO plugin. -->","yoast_head_json":{"title":"Robe \u00e0 plumes - Maison Plush","robots":{"index":"index","follow":"follow","max-snippet":"max-snippet:-1","max-image-preview":"max-image-preview:large","max-video-preview":"max-video-preview:-1"},"canonical":"https:\/\/maison-plush.com\/fr\/fashion\/feather-dress\/","og_locale":"fr_FR","og_type":"article","og_title":"Robe \u00e0 plumes - Maison Plush","og_description":"Une silhouette fa\u00e7onn\u00e9e au cours de plus de 100 heures de travail, d\u00e9finie par la pr\u00e9cision et le mouvement. Construite sur une base transparente et d\u00e9licate, la robe est structur\u00e9e par une ligne de boutons cousus individuellement, cr\u00e9ant une forme sans ajouter de poids. Des plumes fa\u00e7onn\u00e9es \u00e0 la main \u00e9pousent le corps, permettant un [&hellip;]","og_url":"https:\/\/maison-plush.com\/fr\/fashion\/feather-dress\/","og_site_name":"Maison Plush","article_modified_time":"2026-05-08T16:26:03+00:00","og_image":[{"width":1708,"height":2560,"url":"https:\/\/maison-plush.com\/wp-content\/uploads\/2026\/05\/260405_LunaCode_08_1098-scaled.jpg","type":"image\/jpeg"}],"twitter_card":"summary_large_image","twitter_misc":{"Dur\u00e9e de lecture estim\u00e9e":"1 minute"},"schema":{"@context":"https:\/\/schema.org","@graph":[{"@type":"WebPage","@id":"https:\/\/maison-plush.com\/fr\/fashion\/feather-dress\/","url":"https:\/\/maison-plush.com\/fr\/fashion\/feather-dress\/","name":"Robe \u00e0 plumes - Maison Plush","isPartOf":{"@id":"https:\/\/maison-plush.com\/#website"},"primaryImageOfPage":{"@id":"https:\/\/maison-plush.com\/fr\/fashion\/feather-dress\/#primaryimage"},"image":{"@id":"https:\/\/maison-plush.com\/fr\/fashion\/feather-dress\/#primaryimage"},"thumbnailUrl":"https:\/\/maison-plush.com\/wp-content\/uploads\/2026\/05\/260405_LunaCode_08_1098-scaled.jpg","datePublished":"2026-05-08T16:18:58+00:00","dateModified":"2026-05-08T16:26:03+00:00","breadcrumb":{"@id":"https:\/\/maison-plush.com\/fr\/fashion\/feather-dress\/#breadcrumb"},"inLanguage":"fr-FR","potentialAction":[{"@type":"ReadAction","target":["https:\/\/maison-plush.com\/fr\/fashion\/feather-dress\/"]}]},{"@type":"ImageObject","inLanguage":"fr-FR","@id":"https:\/\/maison-plush.com\/fr\/fashion\/feather-dress\/#primaryimage","url":"https:\/\/maison-plush.com\/wp-content\/uploads\/2026\/05\/260405_LunaCode_08_1098-scaled.jpg","contentUrl":"https:\/\/maison-plush.com\/wp-content\/uploads\/2026\/05\/260405_LunaCode_08_1098-scaled.jpg","width":1708,"height":2560},{"@type":"BreadcrumbList","@id":"https:\/\/maison-plush.com\/fr\/fashion\/feather-dress\/#breadcrumb","itemListElement":[{"@type":"ListItem","position":1,"name":"Startseite","item":"https:\/\/maison-plush.com\/fr\/home\/"},{"@type":"ListItem","position":2,"name":"Boutique","item":"https:\/\/maison-plush.com\/fr\/boutique\/"},{"@type":"ListItem","position":3,"name":"Robe \u00e0 plumes"}]},{"@type":"WebSite","@id":"https:\/\/maison-plush.com\/#website","url":"https:\/\/maison-plush.com\/","name":"Maison Plush","description":"Plush your life","potentialAction":[{"@type":"SearchAction","target":{"@type":"EntryPoint","urlTemplate":"https:\/\/maison-plush.com\/?s={search_term_string}"},"query-input":{"@type":"PropertyValueSpecification","valueRequired":true,"valueName":"search_term_string"}}],"inLanguage":"fr-FR"}]}},"_links":{"self":[{"href":"https:\/\/maison-plush.com\/fr\/wp-json\/wp\/v2\/product\/6375","targetHints":{"allow":["GET"]}}],"collection":[{"href":"https:\/\/maison-plush.com\/fr\/wp-json\/wp\/v2\/product"}],"about":[{"href":"https:\/\/maison-plush.com\/fr\/wp-json\/wp\/v2\/types\/product"}],"replies":[{"embeddable":true,"href":"https:\/\/maison-plush.com\/fr\/wp-json\/wp\/v2\/comments?post=6375"}],"version-history":[{"count":2,"href":"https:\/\/maison-plush.com\/fr\/wp-json\/wp\/v2\/product\/6375\/revisions"}],"predecessor-version":[{"id":6384,"href":"https:\/\/maison-plush.com\/fr\/wp-json\/wp\/v2\/product\/6375\/revisions\/6384"}],"wp:featuredmedia":[{"embeddable":true,"href":"https:\/\/maison-plush.com\/fr\/wp-json\/wp\/v2\/media\/6376"}],"wp:attachment":[{"href":"https:\/\/maison-plush.com\/fr\/wp-json\/wp\/v2\/media?parent=6375"}],"wp:term":[{"taxonomy":"product_brand","embeddable":true,"href":"https:\/\/maison-plush.com\/fr\/wp-json\/wp\/v2\/product_brand?post=6375"},{"taxonomy":"product_cat","embeddable":true,"href":"https:\/\/maison-plush.com\/fr\/wp-json\/wp\/v2\/product_cat?post=6375"},{"taxonomy":"product_tag","embeddable":true,"href":"https:\/\/maison-plush.com\/fr\/wp-json\/wp\/v2\/product_tag?post=6375"}],"curies":[{"name":"wp","href":"https:\/\/api.w.org\/{rel}","templated":true}]}}