{"id":6389,"date":"2026-05-08T18:28:36","date_gmt":"2026-05-08T16:28:36","guid":{"rendered":"https:\/\/maison-plush.com\/?post_type=product&#038;p=6389"},"modified":"2026-05-08T18:29:30","modified_gmt":"2026-05-08T16:29:30","slug":"robe-a-fermetures-eclair","status":"publish","type":"product","link":"https:\/\/maison-plush.com\/fr\/fashion\/robe-a-fermetures-eclair\/","title":{"rendered":"Robe \u00e0 fermetures \u00e9clair"},"content":{"rendered":"<p>Une robe sculpturale fa\u00e7onn\u00e9e par une construction pr\u00e9cise et un mouvement ma\u00eetris\u00e9.<\/p>\n<p>D\u00e9velopp\u00e9e au fil de nombreuses heures de travail, la silhouette est d\u00e9finie par de multiples lignes de fermetures \u00e9clair &#8211; utilis\u00e9es non pas comme \u00e9l\u00e9ments de fermeture, mais comme structure. Chaque ligne est soigneusement calcul\u00e9e, cr\u00e9ant une forme nette et architecturale qui \u00e9pouse le corps.<\/p>\n<p>Les coutures sont press\u00e9es avec une pr\u00e9cision industrielle, tandis que la doublure int\u00e9rieure est enti\u00e8rement fix\u00e9e \u00e0 la main afin de pr\u00e9server une surface propre et continue.<\/p>\n<p>Un \u00e9quilibre entre douceur et contr\u00f4le.<\/p>\n","protected":false},"excerpt":{"rendered":"<p>Une robe sculpturale fa\u00e7onn\u00e9e par une construction pr\u00e9cise et un mouvement ma\u00eetris\u00e9. D\u00e9velopp\u00e9e au fil de nombreuses heures de travail, la silhouette est d\u00e9finie par de multiples lignes de fermetures \u00e9clair &#8211; utilis\u00e9es non pas comme \u00e9l\u00e9ments de fermeture, mais comme structure. Chaque ligne est soigneusement calcul\u00e9e, cr\u00e9ant une forme nette et architecturale qui \u00e9pouse [&hellip;]<\/p>\n","protected":false},"featured_media":6387,"comment_status":"open","ping_status":"closed","template":"","meta":[],"product_brand":[],"product_cat":[447],"product_tag":[],"class_list":{"0":"post-6389","1":"product","2":"type-product","3":"status-publish","4":"has-post-thumbnail","6":"product_cat-luna-code-26-fr","8":"first","9":"onbackorder","10":"shipping-taxable","11":"product-type-simple"},"yoast_head":"<!-- This site is optimized with the Yoast SEO plugin v25.8 - https:\/\/yoast.com\/wordpress\/plugins\/seo\/ -->\n<title>Robe \u00e0 fermetures \u00e9clair - Maison Plush<\/title>\n<meta name=\"robots\" content=\"index, follow, max-snippet:-1, max-image-preview:large, max-video-preview:-1\" \/>\n<link rel=\"canonical\" href=\"https:\/\/maison-plush.com\/fr\/fashion\/robe-a-fermetures-eclair\/\" \/>\n<meta property=\"og:locale\" content=\"fr_FR\" \/>\n<meta property=\"og:type\" content=\"article\" \/>\n<meta property=\"og:title\" content=\"Robe \u00e0 fermetures \u00e9clair - Maison Plush\" \/>\n<meta property=\"og:description\" content=\"Une robe sculpturale fa\u00e7onn\u00e9e par une construction pr\u00e9cise et un mouvement ma\u00eetris\u00e9. D\u00e9velopp\u00e9e au fil de nombreuses heures de travail, la silhouette est d\u00e9finie par de multiples lignes de fermetures \u00e9clair &#8211; utilis\u00e9es non pas comme \u00e9l\u00e9ments de fermeture, mais comme structure. Chaque ligne est soigneusement calcul\u00e9e, cr\u00e9ant une forme nette et architecturale qui \u00e9pouse [&hellip;]\" \/>\n<meta property=\"og:url\" content=\"https:\/\/maison-plush.com\/fr\/fashion\/robe-a-fermetures-eclair\/\" \/>\n<meta property=\"og:site_name\" content=\"Maison Plush\" \/>\n<meta property=\"article:modified_time\" content=\"2026-05-08T16:29:30+00:00\" \/>\n<meta property=\"og:image\" content=\"https:\/\/maison-plush.com\/wp-content\/uploads\/2026\/05\/260405_LunaCode_06_0690-scaled.jpg\" \/>\n\t<meta property=\"og:image:width\" content=\"1708\" \/>\n\t<meta property=\"og:image:height\" content=\"2560\" \/>\n\t<meta property=\"og:image:type\" content=\"image\/jpeg\" \/>\n<meta name=\"twitter:card\" content=\"summary_large_image\" \/>\n<meta name=\"twitter:label1\" content=\"Dur\u00e9e de lecture estim\u00e9e\" \/>\n\t<meta name=\"twitter:data1\" content=\"1 minute\" \/>\n<script type=\"application\/ld+json\" class=\"yoast-schema-graph\">{\"@context\":\"https:\/\/schema.org\",\"@graph\":[{\"@type\":\"WebPage\",\"@id\":\"https:\/\/maison-plush.com\/fr\/fashion\/robe-a-fermetures-eclair\/\",\"url\":\"https:\/\/maison-plush.com\/fr\/fashion\/robe-a-fermetures-eclair\/\",\"name\":\"Robe \u00e0 fermetures \u00e9clair - Maison Plush\",\"isPartOf\":{\"@id\":\"https:\/\/maison-plush.com\/#website\"},\"primaryImageOfPage\":{\"@id\":\"https:\/\/maison-plush.com\/fr\/fashion\/robe-a-fermetures-eclair\/#primaryimage\"},\"image\":{\"@id\":\"https:\/\/maison-plush.com\/fr\/fashion\/robe-a-fermetures-eclair\/#primaryimage\"},\"thumbnailUrl\":\"https:\/\/maison-plush.com\/wp-content\/uploads\/2026\/05\/260405_LunaCode_06_0690-scaled.jpg\",\"datePublished\":\"2026-05-08T16:28:36+00:00\",\"dateModified\":\"2026-05-08T16:29:30+00:00\",\"breadcrumb\":{\"@id\":\"https:\/\/maison-plush.com\/fr\/fashion\/robe-a-fermetures-eclair\/#breadcrumb\"},\"inLanguage\":\"fr-FR\",\"potentialAction\":[{\"@type\":\"ReadAction\",\"target\":[\"https:\/\/maison-plush.com\/fr\/fashion\/robe-a-fermetures-eclair\/\"]}]},{\"@type\":\"ImageObject\",\"inLanguage\":\"fr-FR\",\"@id\":\"https:\/\/maison-plush.com\/fr\/fashion\/robe-a-fermetures-eclair\/#primaryimage\",\"url\":\"https:\/\/maison-plush.com\/wp-content\/uploads\/2026\/05\/260405_LunaCode_06_0690-scaled.jpg\",\"contentUrl\":\"https:\/\/maison-plush.com\/wp-content\/uploads\/2026\/05\/260405_LunaCode_06_0690-scaled.jpg\",\"width\":1708,\"height\":2560},{\"@type\":\"BreadcrumbList\",\"@id\":\"https:\/\/maison-plush.com\/fr\/fashion\/robe-a-fermetures-eclair\/#breadcrumb\",\"itemListElement\":[{\"@type\":\"ListItem\",\"position\":1,\"name\":\"Startseite\",\"item\":\"https:\/\/maison-plush.com\/fr\/home\/\"},{\"@type\":\"ListItem\",\"position\":2,\"name\":\"Boutique\",\"item\":\"https:\/\/maison-plush.com\/fr\/boutique\/\"},{\"@type\":\"ListItem\",\"position\":3,\"name\":\"Robe \u00e0 fermetures \u00e9clair\"}]},{\"@type\":\"WebSite\",\"@id\":\"https:\/\/maison-plush.com\/#website\",\"url\":\"https:\/\/maison-plush.com\/\",\"name\":\"Maison Plush\",\"description\":\"Plush your life\",\"potentialAction\":[{\"@type\":\"SearchAction\",\"target\":{\"@type\":\"EntryPoint\",\"urlTemplate\":\"https:\/\/maison-plush.com\/?s={search_term_string}\"},\"query-input\":{\"@type\":\"PropertyValueSpecification\",\"valueRequired\":true,\"valueName\":\"search_term_string\"}}],\"inLanguage\":\"fr-FR\"}]}<\/script>\n<!-- \/ Yoast SEO plugin. -->","yoast_head_json":{"title":"Robe \u00e0 fermetures \u00e9clair - Maison Plush","robots":{"index":"index","follow":"follow","max-snippet":"max-snippet:-1","max-image-preview":"max-image-preview:large","max-video-preview":"max-video-preview:-1"},"canonical":"https:\/\/maison-plush.com\/fr\/fashion\/robe-a-fermetures-eclair\/","og_locale":"fr_FR","og_type":"article","og_title":"Robe \u00e0 fermetures \u00e9clair - Maison Plush","og_description":"Une robe sculpturale fa\u00e7onn\u00e9e par une construction pr\u00e9cise et un mouvement ma\u00eetris\u00e9. D\u00e9velopp\u00e9e au fil de nombreuses heures de travail, la silhouette est d\u00e9finie par de multiples lignes de fermetures \u00e9clair &#8211; utilis\u00e9es non pas comme \u00e9l\u00e9ments de fermeture, mais comme structure. Chaque ligne est soigneusement calcul\u00e9e, cr\u00e9ant une forme nette et architecturale qui \u00e9pouse [&hellip;]","og_url":"https:\/\/maison-plush.com\/fr\/fashion\/robe-a-fermetures-eclair\/","og_site_name":"Maison Plush","article_modified_time":"2026-05-08T16:29:30+00:00","og_image":[{"width":1708,"height":2560,"url":"https:\/\/maison-plush.com\/wp-content\/uploads\/2026\/05\/260405_LunaCode_06_0690-scaled.jpg","type":"image\/jpeg"}],"twitter_card":"summary_large_image","twitter_misc":{"Dur\u00e9e de lecture estim\u00e9e":"1 minute"},"schema":{"@context":"https:\/\/schema.org","@graph":[{"@type":"WebPage","@id":"https:\/\/maison-plush.com\/fr\/fashion\/robe-a-fermetures-eclair\/","url":"https:\/\/maison-plush.com\/fr\/fashion\/robe-a-fermetures-eclair\/","name":"Robe \u00e0 fermetures \u00e9clair - Maison Plush","isPartOf":{"@id":"https:\/\/maison-plush.com\/#website"},"primaryImageOfPage":{"@id":"https:\/\/maison-plush.com\/fr\/fashion\/robe-a-fermetures-eclair\/#primaryimage"},"image":{"@id":"https:\/\/maison-plush.com\/fr\/fashion\/robe-a-fermetures-eclair\/#primaryimage"},"thumbnailUrl":"https:\/\/maison-plush.com\/wp-content\/uploads\/2026\/05\/260405_LunaCode_06_0690-scaled.jpg","datePublished":"2026-05-08T16:28:36+00:00","dateModified":"2026-05-08T16:29:30+00:00","breadcrumb":{"@id":"https:\/\/maison-plush.com\/fr\/fashion\/robe-a-fermetures-eclair\/#breadcrumb"},"inLanguage":"fr-FR","potentialAction":[{"@type":"ReadAction","target":["https:\/\/maison-plush.com\/fr\/fashion\/robe-a-fermetures-eclair\/"]}]},{"@type":"ImageObject","inLanguage":"fr-FR","@id":"https:\/\/maison-plush.com\/fr\/fashion\/robe-a-fermetures-eclair\/#primaryimage","url":"https:\/\/maison-plush.com\/wp-content\/uploads\/2026\/05\/260405_LunaCode_06_0690-scaled.jpg","contentUrl":"https:\/\/maison-plush.com\/wp-content\/uploads\/2026\/05\/260405_LunaCode_06_0690-scaled.jpg","width":1708,"height":2560},{"@type":"BreadcrumbList","@id":"https:\/\/maison-plush.com\/fr\/fashion\/robe-a-fermetures-eclair\/#breadcrumb","itemListElement":[{"@type":"ListItem","position":1,"name":"Startseite","item":"https:\/\/maison-plush.com\/fr\/home\/"},{"@type":"ListItem","position":2,"name":"Boutique","item":"https:\/\/maison-plush.com\/fr\/boutique\/"},{"@type":"ListItem","position":3,"name":"Robe \u00e0 fermetures \u00e9clair"}]},{"@type":"WebSite","@id":"https:\/\/maison-plush.com\/#website","url":"https:\/\/maison-plush.com\/","name":"Maison Plush","description":"Plush your life","potentialAction":[{"@type":"SearchAction","target":{"@type":"EntryPoint","urlTemplate":"https:\/\/maison-plush.com\/?s={search_term_string}"},"query-input":{"@type":"PropertyValueSpecification","valueRequired":true,"valueName":"search_term_string"}}],"inLanguage":"fr-FR"}]}},"_links":{"self":[{"href":"https:\/\/maison-plush.com\/fr\/wp-json\/wp\/v2\/product\/6389","targetHints":{"allow":["GET"]}}],"collection":[{"href":"https:\/\/maison-plush.com\/fr\/wp-json\/wp\/v2\/product"}],"about":[{"href":"https:\/\/maison-plush.com\/fr\/wp-json\/wp\/v2\/types\/product"}],"replies":[{"embeddable":true,"href":"https:\/\/maison-plush.com\/fr\/wp-json\/wp\/v2\/comments?post=6389"}],"version-history":[{"count":1,"href":"https:\/\/maison-plush.com\/fr\/wp-json\/wp\/v2\/product\/6389\/revisions"}],"predecessor-version":[{"id":6390,"href":"https:\/\/maison-plush.com\/fr\/wp-json\/wp\/v2\/product\/6389\/revisions\/6390"}],"wp:featuredmedia":[{"embeddable":true,"href":"https:\/\/maison-plush.com\/fr\/wp-json\/wp\/v2\/media\/6387"}],"wp:attachment":[{"href":"https:\/\/maison-plush.com\/fr\/wp-json\/wp\/v2\/media?parent=6389"}],"wp:term":[{"taxonomy":"product_brand","embeddable":true,"href":"https:\/\/maison-plush.com\/fr\/wp-json\/wp\/v2\/product_brand?post=6389"},{"taxonomy":"product_cat","embeddable":true,"href":"https:\/\/maison-plush.com\/fr\/wp-json\/wp\/v2\/product_cat?post=6389"},{"taxonomy":"product_tag","embeddable":true,"href":"https:\/\/maison-plush.com\/fr\/wp-json\/wp\/v2\/product_tag?post=6389"}],"curies":[{"name":"wp","href":"https:\/\/api.w.org\/{rel}","templated":true}]}}