{"id":6395,"date":"2026-05-08T18:33:07","date_gmt":"2026-05-08T16:33:07","guid":{"rendered":"https:\/\/maison-plush.com\/?post_type=product&#038;p=6395"},"modified":"2026-05-08T18:34:03","modified_gmt":"2026-05-08T16:34:03","slug":"ensemble-a-fermetures-eclair","status":"publish","type":"product","link":"https:\/\/maison-plush.com\/fr\/fashion\/ensemble-a-fermetures-eclair\/","title":{"rendered":"Ensemble \u00e0 fermetures \u00e9clair"},"content":{"rendered":"<p>Un ensemble deux pi\u00e8ces construit \u00e0 travers la pr\u00e9cision et la ligne.<\/p>\n<p>D\u00e9velopp\u00e9 \u00e0 travers un processus intensif, le look est structur\u00e9 par de multiples lignes de fermetures \u00e9clair qui dessinent le corps avec rigueur et direction. Chaque \u00e9l\u00e9ment est mesur\u00e9 et plac\u00e9 avec soin afin de cr\u00e9er une silhouette coh\u00e9rente et architecturale.<\/p>\n<p>L\u2019ext\u00e9rieur \u00e9pur\u00e9 est soutenu par une doublure enti\u00e8rement fix\u00e9e \u00e0 la main, pr\u00e9servant \u00e0 la fois la forme et la flexibilit\u00e9.<\/p>\n<p>Une composition de mouvement et de contr\u00f4le.<\/p>\n","protected":false},"excerpt":{"rendered":"<p>Un ensemble deux pi\u00e8ces construit \u00e0 travers la pr\u00e9cision et la ligne. D\u00e9velopp\u00e9 \u00e0 travers un processus intensif, le look est structur\u00e9 par de multiples lignes de fermetures \u00e9clair qui dessinent le corps avec rigueur et direction. Chaque \u00e9l\u00e9ment est mesur\u00e9 et plac\u00e9 avec soin afin de cr\u00e9er une silhouette coh\u00e9rente et architecturale. L\u2019ext\u00e9rieur \u00e9pur\u00e9 [&hellip;]<\/p>\n","protected":false},"featured_media":6393,"comment_status":"open","ping_status":"closed","template":"","meta":[],"product_brand":[],"product_cat":[447],"product_tag":[],"class_list":{"0":"post-6395","1":"product","2":"type-product","3":"status-publish","4":"has-post-thumbnail","6":"product_cat-luna-code-26-fr","8":"first","9":"onbackorder","10":"shipping-taxable","11":"product-type-simple"},"yoast_head":"<!-- This site is optimized with the Yoast SEO plugin v25.8 - https:\/\/yoast.com\/wordpress\/plugins\/seo\/ -->\n<title>Ensemble \u00e0 fermetures \u00e9clair - Maison Plush<\/title>\n<meta name=\"robots\" content=\"index, follow, max-snippet:-1, max-image-preview:large, max-video-preview:-1\" \/>\n<link rel=\"canonical\" href=\"https:\/\/maison-plush.com\/fr\/fashion\/ensemble-a-fermetures-eclair\/\" \/>\n<meta property=\"og:locale\" content=\"fr_FR\" \/>\n<meta property=\"og:type\" content=\"article\" \/>\n<meta property=\"og:title\" content=\"Ensemble \u00e0 fermetures \u00e9clair - Maison Plush\" \/>\n<meta property=\"og:description\" content=\"Un ensemble deux pi\u00e8ces construit \u00e0 travers la pr\u00e9cision et la ligne. D\u00e9velopp\u00e9 \u00e0 travers un processus intensif, le look est structur\u00e9 par de multiples lignes de fermetures \u00e9clair qui dessinent le corps avec rigueur et direction. Chaque \u00e9l\u00e9ment est mesur\u00e9 et plac\u00e9 avec soin afin de cr\u00e9er une silhouette coh\u00e9rente et architecturale. L\u2019ext\u00e9rieur \u00e9pur\u00e9 [&hellip;]\" \/>\n<meta property=\"og:url\" content=\"https:\/\/maison-plush.com\/fr\/fashion\/ensemble-a-fermetures-eclair\/\" \/>\n<meta property=\"og:site_name\" content=\"Maison Plush\" \/>\n<meta property=\"article:modified_time\" content=\"2026-05-08T16:34:03+00:00\" \/>\n<meta property=\"og:image\" content=\"https:\/\/maison-plush.com\/wp-content\/uploads\/2026\/05\/260405_LunaCode_05_0580-scaled.jpg\" \/>\n\t<meta property=\"og:image:width\" content=\"1708\" \/>\n\t<meta property=\"og:image:height\" content=\"2560\" \/>\n\t<meta property=\"og:image:type\" content=\"image\/jpeg\" \/>\n<meta name=\"twitter:card\" content=\"summary_large_image\" \/>\n<meta name=\"twitter:label1\" content=\"Dur\u00e9e de lecture estim\u00e9e\" \/>\n\t<meta name=\"twitter:data1\" content=\"1 minute\" \/>\n<script type=\"application\/ld+json\" class=\"yoast-schema-graph\">{\"@context\":\"https:\/\/schema.org\",\"@graph\":[{\"@type\":\"WebPage\",\"@id\":\"https:\/\/maison-plush.com\/fr\/fashion\/ensemble-a-fermetures-eclair\/\",\"url\":\"https:\/\/maison-plush.com\/fr\/fashion\/ensemble-a-fermetures-eclair\/\",\"name\":\"Ensemble \u00e0 fermetures \u00e9clair - Maison Plush\",\"isPartOf\":{\"@id\":\"https:\/\/maison-plush.com\/#website\"},\"primaryImageOfPage\":{\"@id\":\"https:\/\/maison-plush.com\/fr\/fashion\/ensemble-a-fermetures-eclair\/#primaryimage\"},\"image\":{\"@id\":\"https:\/\/maison-plush.com\/fr\/fashion\/ensemble-a-fermetures-eclair\/#primaryimage\"},\"thumbnailUrl\":\"https:\/\/maison-plush.com\/wp-content\/uploads\/2026\/05\/260405_LunaCode_05_0580-scaled.jpg\",\"datePublished\":\"2026-05-08T16:33:07+00:00\",\"dateModified\":\"2026-05-08T16:34:03+00:00\",\"breadcrumb\":{\"@id\":\"https:\/\/maison-plush.com\/fr\/fashion\/ensemble-a-fermetures-eclair\/#breadcrumb\"},\"inLanguage\":\"fr-FR\",\"potentialAction\":[{\"@type\":\"ReadAction\",\"target\":[\"https:\/\/maison-plush.com\/fr\/fashion\/ensemble-a-fermetures-eclair\/\"]}]},{\"@type\":\"ImageObject\",\"inLanguage\":\"fr-FR\",\"@id\":\"https:\/\/maison-plush.com\/fr\/fashion\/ensemble-a-fermetures-eclair\/#primaryimage\",\"url\":\"https:\/\/maison-plush.com\/wp-content\/uploads\/2026\/05\/260405_LunaCode_05_0580-scaled.jpg\",\"contentUrl\":\"https:\/\/maison-plush.com\/wp-content\/uploads\/2026\/05\/260405_LunaCode_05_0580-scaled.jpg\",\"width\":1708,\"height\":2560},{\"@type\":\"BreadcrumbList\",\"@id\":\"https:\/\/maison-plush.com\/fr\/fashion\/ensemble-a-fermetures-eclair\/#breadcrumb\",\"itemListElement\":[{\"@type\":\"ListItem\",\"position\":1,\"name\":\"Startseite\",\"item\":\"https:\/\/maison-plush.com\/fr\/home\/\"},{\"@type\":\"ListItem\",\"position\":2,\"name\":\"Boutique\",\"item\":\"https:\/\/maison-plush.com\/fr\/boutique\/\"},{\"@type\":\"ListItem\",\"position\":3,\"name\":\"Ensemble \u00e0 fermetures \u00e9clair\"}]},{\"@type\":\"WebSite\",\"@id\":\"https:\/\/maison-plush.com\/#website\",\"url\":\"https:\/\/maison-plush.com\/\",\"name\":\"Maison Plush\",\"description\":\"Plush your life\",\"potentialAction\":[{\"@type\":\"SearchAction\",\"target\":{\"@type\":\"EntryPoint\",\"urlTemplate\":\"https:\/\/maison-plush.com\/?s={search_term_string}\"},\"query-input\":{\"@type\":\"PropertyValueSpecification\",\"valueRequired\":true,\"valueName\":\"search_term_string\"}}],\"inLanguage\":\"fr-FR\"}]}<\/script>\n<!-- \/ Yoast SEO plugin. -->","yoast_head_json":{"title":"Ensemble \u00e0 fermetures \u00e9clair - Maison Plush","robots":{"index":"index","follow":"follow","max-snippet":"max-snippet:-1","max-image-preview":"max-image-preview:large","max-video-preview":"max-video-preview:-1"},"canonical":"https:\/\/maison-plush.com\/fr\/fashion\/ensemble-a-fermetures-eclair\/","og_locale":"fr_FR","og_type":"article","og_title":"Ensemble \u00e0 fermetures \u00e9clair - Maison Plush","og_description":"Un ensemble deux pi\u00e8ces construit \u00e0 travers la pr\u00e9cision et la ligne. D\u00e9velopp\u00e9 \u00e0 travers un processus intensif, le look est structur\u00e9 par de multiples lignes de fermetures \u00e9clair qui dessinent le corps avec rigueur et direction. Chaque \u00e9l\u00e9ment est mesur\u00e9 et plac\u00e9 avec soin afin de cr\u00e9er une silhouette coh\u00e9rente et architecturale. L\u2019ext\u00e9rieur \u00e9pur\u00e9 [&hellip;]","og_url":"https:\/\/maison-plush.com\/fr\/fashion\/ensemble-a-fermetures-eclair\/","og_site_name":"Maison Plush","article_modified_time":"2026-05-08T16:34:03+00:00","og_image":[{"width":1708,"height":2560,"url":"https:\/\/maison-plush.com\/wp-content\/uploads\/2026\/05\/260405_LunaCode_05_0580-scaled.jpg","type":"image\/jpeg"}],"twitter_card":"summary_large_image","twitter_misc":{"Dur\u00e9e de lecture estim\u00e9e":"1 minute"},"schema":{"@context":"https:\/\/schema.org","@graph":[{"@type":"WebPage","@id":"https:\/\/maison-plush.com\/fr\/fashion\/ensemble-a-fermetures-eclair\/","url":"https:\/\/maison-plush.com\/fr\/fashion\/ensemble-a-fermetures-eclair\/","name":"Ensemble \u00e0 fermetures \u00e9clair - Maison Plush","isPartOf":{"@id":"https:\/\/maison-plush.com\/#website"},"primaryImageOfPage":{"@id":"https:\/\/maison-plush.com\/fr\/fashion\/ensemble-a-fermetures-eclair\/#primaryimage"},"image":{"@id":"https:\/\/maison-plush.com\/fr\/fashion\/ensemble-a-fermetures-eclair\/#primaryimage"},"thumbnailUrl":"https:\/\/maison-plush.com\/wp-content\/uploads\/2026\/05\/260405_LunaCode_05_0580-scaled.jpg","datePublished":"2026-05-08T16:33:07+00:00","dateModified":"2026-05-08T16:34:03+00:00","breadcrumb":{"@id":"https:\/\/maison-plush.com\/fr\/fashion\/ensemble-a-fermetures-eclair\/#breadcrumb"},"inLanguage":"fr-FR","potentialAction":[{"@type":"ReadAction","target":["https:\/\/maison-plush.com\/fr\/fashion\/ensemble-a-fermetures-eclair\/"]}]},{"@type":"ImageObject","inLanguage":"fr-FR","@id":"https:\/\/maison-plush.com\/fr\/fashion\/ensemble-a-fermetures-eclair\/#primaryimage","url":"https:\/\/maison-plush.com\/wp-content\/uploads\/2026\/05\/260405_LunaCode_05_0580-scaled.jpg","contentUrl":"https:\/\/maison-plush.com\/wp-content\/uploads\/2026\/05\/260405_LunaCode_05_0580-scaled.jpg","width":1708,"height":2560},{"@type":"BreadcrumbList","@id":"https:\/\/maison-plush.com\/fr\/fashion\/ensemble-a-fermetures-eclair\/#breadcrumb","itemListElement":[{"@type":"ListItem","position":1,"name":"Startseite","item":"https:\/\/maison-plush.com\/fr\/home\/"},{"@type":"ListItem","position":2,"name":"Boutique","item":"https:\/\/maison-plush.com\/fr\/boutique\/"},{"@type":"ListItem","position":3,"name":"Ensemble \u00e0 fermetures \u00e9clair"}]},{"@type":"WebSite","@id":"https:\/\/maison-plush.com\/#website","url":"https:\/\/maison-plush.com\/","name":"Maison Plush","description":"Plush your life","potentialAction":[{"@type":"SearchAction","target":{"@type":"EntryPoint","urlTemplate":"https:\/\/maison-plush.com\/?s={search_term_string}"},"query-input":{"@type":"PropertyValueSpecification","valueRequired":true,"valueName":"search_term_string"}}],"inLanguage":"fr-FR"}]}},"_links":{"self":[{"href":"https:\/\/maison-plush.com\/fr\/wp-json\/wp\/v2\/product\/6395","targetHints":{"allow":["GET"]}}],"collection":[{"href":"https:\/\/maison-plush.com\/fr\/wp-json\/wp\/v2\/product"}],"about":[{"href":"https:\/\/maison-plush.com\/fr\/wp-json\/wp\/v2\/types\/product"}],"replies":[{"embeddable":true,"href":"https:\/\/maison-plush.com\/fr\/wp-json\/wp\/v2\/comments?post=6395"}],"version-history":[{"count":1,"href":"https:\/\/maison-plush.com\/fr\/wp-json\/wp\/v2\/product\/6395\/revisions"}],"predecessor-version":[{"id":6396,"href":"https:\/\/maison-plush.com\/fr\/wp-json\/wp\/v2\/product\/6395\/revisions\/6396"}],"wp:featuredmedia":[{"embeddable":true,"href":"https:\/\/maison-plush.com\/fr\/wp-json\/wp\/v2\/media\/6393"}],"wp:attachment":[{"href":"https:\/\/maison-plush.com\/fr\/wp-json\/wp\/v2\/media?parent=6395"}],"wp:term":[{"taxonomy":"product_brand","embeddable":true,"href":"https:\/\/maison-plush.com\/fr\/wp-json\/wp\/v2\/product_brand?post=6395"},{"taxonomy":"product_cat","embeddable":true,"href":"https:\/\/maison-plush.com\/fr\/wp-json\/wp\/v2\/product_cat?post=6395"},{"taxonomy":"product_tag","embeddable":true,"href":"https:\/\/maison-plush.com\/fr\/wp-json\/wp\/v2\/product_tag?post=6395"}],"curies":[{"name":"wp","href":"https:\/\/api.w.org\/{rel}","templated":true}]}}