{"id":6401,"date":"2026-05-08T18:36:24","date_gmt":"2026-05-08T16:36:24","guid":{"rendered":"https:\/\/maison-plush.com\/?post_type=product&#038;p=6401"},"modified":"2026-05-08T18:37:18","modified_gmt":"2026-05-08T16:37:18","slug":"ensemble-en-laine","status":"publish","type":"product","link":"https:\/\/maison-plush.com\/fr\/fashion\/ensemble-en-laine\/","title":{"rendered":"Ensemble en laine"},"content":{"rendered":"<p>Un ensemble sculptural en laine, fa\u00e7onn\u00e9 par une construction pr\u00e9cise et un volume ma\u00eetris\u00e9.<\/p>\n<p>La silhouette est d\u00e9finie par des manches ballon structur\u00e9es avec des baleines internes, leur permettant de conserver leur forme tout en offrant une fluidit\u00e9 mesur\u00e9e dans le mouvement.<\/p>\n<p>Une sous-jupe en soie introduit un contraste &#8211; la l\u00e9g\u00e8ret\u00e9 face \u00e0 la structure. Un \u00e9l\u00e9ment m\u00e9tallique sur mesure, sculpt\u00e9 \u00e0 la main en cire, coul\u00e9 en bronze selon des techniques de joaillerie, puis fini par un placage en rhodium, apporte un point de tension pr\u00e9cis.<\/p>\n<p>La forme \u00e9volue avec le corps, s\u2019\u00e9largissant et se resserrant au gr\u00e9 du mouvement.<\/p>\n","protected":false},"excerpt":{"rendered":"<p>Un ensemble sculptural en laine, fa\u00e7onn\u00e9 par une construction pr\u00e9cise et un volume ma\u00eetris\u00e9. La silhouette est d\u00e9finie par des manches ballon structur\u00e9es avec des baleines internes, leur permettant de conserver leur forme tout en offrant une fluidit\u00e9 mesur\u00e9e dans le mouvement. Une sous-jupe en soie introduit un contraste &#8211; la l\u00e9g\u00e8ret\u00e9 face \u00e0 la [&hellip;]<\/p>\n","protected":false},"featured_media":6399,"comment_status":"open","ping_status":"closed","template":"","meta":[],"product_brand":[],"product_cat":[447],"product_tag":[],"class_list":{"0":"post-6401","1":"product","2":"type-product","3":"status-publish","4":"has-post-thumbnail","6":"product_cat-luna-code-26-fr","8":"first","9":"onbackorder","10":"shipping-taxable","11":"product-type-simple"},"yoast_head":"<!-- This site is optimized with the Yoast SEO plugin v25.8 - https:\/\/yoast.com\/wordpress\/plugins\/seo\/ -->\n<title>Ensemble en laine - Maison Plush<\/title>\n<meta name=\"robots\" content=\"index, follow, max-snippet:-1, max-image-preview:large, max-video-preview:-1\" \/>\n<link rel=\"canonical\" href=\"https:\/\/maison-plush.com\/fr\/fashion\/ensemble-en-laine\/\" \/>\n<meta property=\"og:locale\" content=\"fr_FR\" \/>\n<meta property=\"og:type\" content=\"article\" \/>\n<meta property=\"og:title\" content=\"Ensemble en laine - Maison Plush\" \/>\n<meta property=\"og:description\" content=\"Un ensemble sculptural en laine, fa\u00e7onn\u00e9 par une construction pr\u00e9cise et un volume ma\u00eetris\u00e9. La silhouette est d\u00e9finie par des manches ballon structur\u00e9es avec des baleines internes, leur permettant de conserver leur forme tout en offrant une fluidit\u00e9 mesur\u00e9e dans le mouvement. Une sous-jupe en soie introduit un contraste &#8211; la l\u00e9g\u00e8ret\u00e9 face \u00e0 la [&hellip;]\" \/>\n<meta property=\"og:url\" content=\"https:\/\/maison-plush.com\/fr\/fashion\/ensemble-en-laine\/\" \/>\n<meta property=\"og:site_name\" content=\"Maison Plush\" \/>\n<meta property=\"article:modified_time\" content=\"2026-05-08T16:37:18+00:00\" \/>\n<meta property=\"og:image\" content=\"https:\/\/maison-plush.com\/wp-content\/uploads\/2026\/05\/260405_LunaCode_01_0197-scaled.jpg\" \/>\n\t<meta property=\"og:image:width\" content=\"1708\" \/>\n\t<meta property=\"og:image:height\" content=\"2560\" \/>\n\t<meta property=\"og:image:type\" content=\"image\/jpeg\" \/>\n<meta name=\"twitter:card\" content=\"summary_large_image\" \/>\n<meta name=\"twitter:label1\" content=\"Dur\u00e9e de lecture estim\u00e9e\" \/>\n\t<meta name=\"twitter:data1\" content=\"1 minute\" \/>\n<script type=\"application\/ld+json\" class=\"yoast-schema-graph\">{\"@context\":\"https:\/\/schema.org\",\"@graph\":[{\"@type\":\"WebPage\",\"@id\":\"https:\/\/maison-plush.com\/fr\/fashion\/ensemble-en-laine\/\",\"url\":\"https:\/\/maison-plush.com\/fr\/fashion\/ensemble-en-laine\/\",\"name\":\"Ensemble en laine - Maison Plush\",\"isPartOf\":{\"@id\":\"https:\/\/maison-plush.com\/#website\"},\"primaryImageOfPage\":{\"@id\":\"https:\/\/maison-plush.com\/fr\/fashion\/ensemble-en-laine\/#primaryimage\"},\"image\":{\"@id\":\"https:\/\/maison-plush.com\/fr\/fashion\/ensemble-en-laine\/#primaryimage\"},\"thumbnailUrl\":\"https:\/\/maison-plush.com\/wp-content\/uploads\/2026\/05\/260405_LunaCode_01_0197-scaled.jpg\",\"datePublished\":\"2026-05-08T16:36:24+00:00\",\"dateModified\":\"2026-05-08T16:37:18+00:00\",\"breadcrumb\":{\"@id\":\"https:\/\/maison-plush.com\/fr\/fashion\/ensemble-en-laine\/#breadcrumb\"},\"inLanguage\":\"fr-FR\",\"potentialAction\":[{\"@type\":\"ReadAction\",\"target\":[\"https:\/\/maison-plush.com\/fr\/fashion\/ensemble-en-laine\/\"]}]},{\"@type\":\"ImageObject\",\"inLanguage\":\"fr-FR\",\"@id\":\"https:\/\/maison-plush.com\/fr\/fashion\/ensemble-en-laine\/#primaryimage\",\"url\":\"https:\/\/maison-plush.com\/wp-content\/uploads\/2026\/05\/260405_LunaCode_01_0197-scaled.jpg\",\"contentUrl\":\"https:\/\/maison-plush.com\/wp-content\/uploads\/2026\/05\/260405_LunaCode_01_0197-scaled.jpg\",\"width\":1708,\"height\":2560},{\"@type\":\"BreadcrumbList\",\"@id\":\"https:\/\/maison-plush.com\/fr\/fashion\/ensemble-en-laine\/#breadcrumb\",\"itemListElement\":[{\"@type\":\"ListItem\",\"position\":1,\"name\":\"Startseite\",\"item\":\"https:\/\/maison-plush.com\/fr\/home\/\"},{\"@type\":\"ListItem\",\"position\":2,\"name\":\"Boutique\",\"item\":\"https:\/\/maison-plush.com\/fr\/boutique\/\"},{\"@type\":\"ListItem\",\"position\":3,\"name\":\"Ensemble en laine\"}]},{\"@type\":\"WebSite\",\"@id\":\"https:\/\/maison-plush.com\/#website\",\"url\":\"https:\/\/maison-plush.com\/\",\"name\":\"Maison Plush\",\"description\":\"Plush your life\",\"potentialAction\":[{\"@type\":\"SearchAction\",\"target\":{\"@type\":\"EntryPoint\",\"urlTemplate\":\"https:\/\/maison-plush.com\/?s={search_term_string}\"},\"query-input\":{\"@type\":\"PropertyValueSpecification\",\"valueRequired\":true,\"valueName\":\"search_term_string\"}}],\"inLanguage\":\"fr-FR\"}]}<\/script>\n<!-- \/ Yoast SEO plugin. -->","yoast_head_json":{"title":"Ensemble en laine - Maison Plush","robots":{"index":"index","follow":"follow","max-snippet":"max-snippet:-1","max-image-preview":"max-image-preview:large","max-video-preview":"max-video-preview:-1"},"canonical":"https:\/\/maison-plush.com\/fr\/fashion\/ensemble-en-laine\/","og_locale":"fr_FR","og_type":"article","og_title":"Ensemble en laine - Maison Plush","og_description":"Un ensemble sculptural en laine, fa\u00e7onn\u00e9 par une construction pr\u00e9cise et un volume ma\u00eetris\u00e9. La silhouette est d\u00e9finie par des manches ballon structur\u00e9es avec des baleines internes, leur permettant de conserver leur forme tout en offrant une fluidit\u00e9 mesur\u00e9e dans le mouvement. Une sous-jupe en soie introduit un contraste &#8211; la l\u00e9g\u00e8ret\u00e9 face \u00e0 la [&hellip;]","og_url":"https:\/\/maison-plush.com\/fr\/fashion\/ensemble-en-laine\/","og_site_name":"Maison Plush","article_modified_time":"2026-05-08T16:37:18+00:00","og_image":[{"width":1708,"height":2560,"url":"https:\/\/maison-plush.com\/wp-content\/uploads\/2026\/05\/260405_LunaCode_01_0197-scaled.jpg","type":"image\/jpeg"}],"twitter_card":"summary_large_image","twitter_misc":{"Dur\u00e9e de lecture estim\u00e9e":"1 minute"},"schema":{"@context":"https:\/\/schema.org","@graph":[{"@type":"WebPage","@id":"https:\/\/maison-plush.com\/fr\/fashion\/ensemble-en-laine\/","url":"https:\/\/maison-plush.com\/fr\/fashion\/ensemble-en-laine\/","name":"Ensemble en laine - Maison Plush","isPartOf":{"@id":"https:\/\/maison-plush.com\/#website"},"primaryImageOfPage":{"@id":"https:\/\/maison-plush.com\/fr\/fashion\/ensemble-en-laine\/#primaryimage"},"image":{"@id":"https:\/\/maison-plush.com\/fr\/fashion\/ensemble-en-laine\/#primaryimage"},"thumbnailUrl":"https:\/\/maison-plush.com\/wp-content\/uploads\/2026\/05\/260405_LunaCode_01_0197-scaled.jpg","datePublished":"2026-05-08T16:36:24+00:00","dateModified":"2026-05-08T16:37:18+00:00","breadcrumb":{"@id":"https:\/\/maison-plush.com\/fr\/fashion\/ensemble-en-laine\/#breadcrumb"},"inLanguage":"fr-FR","potentialAction":[{"@type":"ReadAction","target":["https:\/\/maison-plush.com\/fr\/fashion\/ensemble-en-laine\/"]}]},{"@type":"ImageObject","inLanguage":"fr-FR","@id":"https:\/\/maison-plush.com\/fr\/fashion\/ensemble-en-laine\/#primaryimage","url":"https:\/\/maison-plush.com\/wp-content\/uploads\/2026\/05\/260405_LunaCode_01_0197-scaled.jpg","contentUrl":"https:\/\/maison-plush.com\/wp-content\/uploads\/2026\/05\/260405_LunaCode_01_0197-scaled.jpg","width":1708,"height":2560},{"@type":"BreadcrumbList","@id":"https:\/\/maison-plush.com\/fr\/fashion\/ensemble-en-laine\/#breadcrumb","itemListElement":[{"@type":"ListItem","position":1,"name":"Startseite","item":"https:\/\/maison-plush.com\/fr\/home\/"},{"@type":"ListItem","position":2,"name":"Boutique","item":"https:\/\/maison-plush.com\/fr\/boutique\/"},{"@type":"ListItem","position":3,"name":"Ensemble en laine"}]},{"@type":"WebSite","@id":"https:\/\/maison-plush.com\/#website","url":"https:\/\/maison-plush.com\/","name":"Maison Plush","description":"Plush your life","potentialAction":[{"@type":"SearchAction","target":{"@type":"EntryPoint","urlTemplate":"https:\/\/maison-plush.com\/?s={search_term_string}"},"query-input":{"@type":"PropertyValueSpecification","valueRequired":true,"valueName":"search_term_string"}}],"inLanguage":"fr-FR"}]}},"_links":{"self":[{"href":"https:\/\/maison-plush.com\/fr\/wp-json\/wp\/v2\/product\/6401","targetHints":{"allow":["GET"]}}],"collection":[{"href":"https:\/\/maison-plush.com\/fr\/wp-json\/wp\/v2\/product"}],"about":[{"href":"https:\/\/maison-plush.com\/fr\/wp-json\/wp\/v2\/types\/product"}],"replies":[{"embeddable":true,"href":"https:\/\/maison-plush.com\/fr\/wp-json\/wp\/v2\/comments?post=6401"}],"version-history":[{"count":2,"href":"https:\/\/maison-plush.com\/fr\/wp-json\/wp\/v2\/product\/6401\/revisions"}],"predecessor-version":[{"id":6403,"href":"https:\/\/maison-plush.com\/fr\/wp-json\/wp\/v2\/product\/6401\/revisions\/6403"}],"wp:featuredmedia":[{"embeddable":true,"href":"https:\/\/maison-plush.com\/fr\/wp-json\/wp\/v2\/media\/6399"}],"wp:attachment":[{"href":"https:\/\/maison-plush.com\/fr\/wp-json\/wp\/v2\/media?parent=6401"}],"wp:term":[{"taxonomy":"product_brand","embeddable":true,"href":"https:\/\/maison-plush.com\/fr\/wp-json\/wp\/v2\/product_brand?post=6401"},{"taxonomy":"product_cat","embeddable":true,"href":"https:\/\/maison-plush.com\/fr\/wp-json\/wp\/v2\/product_cat?post=6401"},{"taxonomy":"product_tag","embeddable":true,"href":"https:\/\/maison-plush.com\/fr\/wp-json\/wp\/v2\/product_tag?post=6401"}],"curies":[{"name":"wp","href":"https:\/\/api.w.org\/{rel}","templated":true}]}}