{"id":6409,"date":"2026-05-08T18:40:29","date_gmt":"2026-05-08T16:40:29","guid":{"rendered":"https:\/\/maison-plush.com\/?post_type=product&#038;p=6409"},"modified":"2026-05-08T18:41:41","modified_gmt":"2026-05-08T16:41:41","slug":"ensemble-kaki","status":"publish","type":"product","link":"https:\/\/maison-plush.com\/fr\/fashion\/ensemble-kaki\/","title":{"rendered":"Ensemble kaki"},"content":{"rendered":"<p>Un ensemble matelass\u00e9 sculptural, con\u00e7u comme une forme de protection.<\/p>\n<p>La construction quilt\u00e9e cr\u00e9e du volume, fa\u00e7onnant une silhouette architecturale, tandis que des empi\u00e8cements en \u00e9co-cuir d\u00e9finissent le corps par le contraste et la tension.<\/p>\n<p>La capuche oversize prolonge la forme, cr\u00e9ant une sensation d\u2019enveloppement. La silhouette s\u2019\u00e9tend et se resserre \u00e0 la fois, modifiant les proportions et le mouvement.<\/p>\n<p>La douceur devient structure.<\/p>\n","protected":false},"excerpt":{"rendered":"<p>Un ensemble matelass\u00e9 sculptural, con\u00e7u comme une forme de protection. La construction quilt\u00e9e cr\u00e9e du volume, fa\u00e7onnant une silhouette architecturale, tandis que des empi\u00e8cements en \u00e9co-cuir d\u00e9finissent le corps par le contraste et la tension. La capuche oversize prolonge la forme, cr\u00e9ant une sensation d\u2019enveloppement. La silhouette s\u2019\u00e9tend et se resserre \u00e0 la fois, modifiant [&hellip;]<\/p>\n","protected":false},"featured_media":6406,"comment_status":"open","ping_status":"closed","template":"","meta":[],"product_brand":[],"product_cat":[447],"product_tag":[],"class_list":{"0":"post-6409","1":"product","2":"type-product","3":"status-publish","4":"has-post-thumbnail","6":"product_cat-luna-code-26-fr","8":"first","9":"onbackorder","10":"shipping-taxable","11":"product-type-simple"},"yoast_head":"<!-- This site is optimized with the Yoast SEO plugin v25.8 - https:\/\/yoast.com\/wordpress\/plugins\/seo\/ -->\n<title>Ensemble kaki - Maison Plush<\/title>\n<meta name=\"robots\" content=\"index, follow, max-snippet:-1, max-image-preview:large, max-video-preview:-1\" \/>\n<link rel=\"canonical\" href=\"https:\/\/maison-plush.com\/fr\/fashion\/ensemble-kaki\/\" \/>\n<meta property=\"og:locale\" content=\"fr_FR\" \/>\n<meta property=\"og:type\" content=\"article\" \/>\n<meta property=\"og:title\" content=\"Ensemble kaki - Maison Plush\" \/>\n<meta property=\"og:description\" content=\"Un ensemble matelass\u00e9 sculptural, con\u00e7u comme une forme de protection. La construction quilt\u00e9e cr\u00e9e du volume, fa\u00e7onnant une silhouette architecturale, tandis que des empi\u00e8cements en \u00e9co-cuir d\u00e9finissent le corps par le contraste et la tension. La capuche oversize prolonge la forme, cr\u00e9ant une sensation d\u2019enveloppement. La silhouette s\u2019\u00e9tend et se resserre \u00e0 la fois, modifiant [&hellip;]\" \/>\n<meta property=\"og:url\" content=\"https:\/\/maison-plush.com\/fr\/fashion\/ensemble-kaki\/\" \/>\n<meta property=\"og:site_name\" content=\"Maison Plush\" \/>\n<meta property=\"article:modified_time\" content=\"2026-05-08T16:41:41+00:00\" \/>\n<meta property=\"og:image\" content=\"https:\/\/maison-plush.com\/wp-content\/uploads\/2026\/05\/260405_LunaCode_03_0372-scaled.jpg\" \/>\n\t<meta property=\"og:image:width\" content=\"1708\" \/>\n\t<meta property=\"og:image:height\" content=\"2560\" \/>\n\t<meta property=\"og:image:type\" content=\"image\/jpeg\" \/>\n<meta name=\"twitter:card\" content=\"summary_large_image\" \/>\n<meta name=\"twitter:label1\" content=\"Dur\u00e9e de lecture estim\u00e9e\" \/>\n\t<meta name=\"twitter:data1\" content=\"1 minute\" \/>\n<script type=\"application\/ld+json\" class=\"yoast-schema-graph\">{\"@context\":\"https:\/\/schema.org\",\"@graph\":[{\"@type\":\"WebPage\",\"@id\":\"https:\/\/maison-plush.com\/fr\/fashion\/ensemble-kaki\/\",\"url\":\"https:\/\/maison-plush.com\/fr\/fashion\/ensemble-kaki\/\",\"name\":\"Ensemble kaki - Maison Plush\",\"isPartOf\":{\"@id\":\"https:\/\/maison-plush.com\/#website\"},\"primaryImageOfPage\":{\"@id\":\"https:\/\/maison-plush.com\/fr\/fashion\/ensemble-kaki\/#primaryimage\"},\"image\":{\"@id\":\"https:\/\/maison-plush.com\/fr\/fashion\/ensemble-kaki\/#primaryimage\"},\"thumbnailUrl\":\"https:\/\/maison-plush.com\/wp-content\/uploads\/2026\/05\/260405_LunaCode_03_0372-scaled.jpg\",\"datePublished\":\"2026-05-08T16:40:29+00:00\",\"dateModified\":\"2026-05-08T16:41:41+00:00\",\"breadcrumb\":{\"@id\":\"https:\/\/maison-plush.com\/fr\/fashion\/ensemble-kaki\/#breadcrumb\"},\"inLanguage\":\"fr-FR\",\"potentialAction\":[{\"@type\":\"ReadAction\",\"target\":[\"https:\/\/maison-plush.com\/fr\/fashion\/ensemble-kaki\/\"]}]},{\"@type\":\"ImageObject\",\"inLanguage\":\"fr-FR\",\"@id\":\"https:\/\/maison-plush.com\/fr\/fashion\/ensemble-kaki\/#primaryimage\",\"url\":\"https:\/\/maison-plush.com\/wp-content\/uploads\/2026\/05\/260405_LunaCode_03_0372-scaled.jpg\",\"contentUrl\":\"https:\/\/maison-plush.com\/wp-content\/uploads\/2026\/05\/260405_LunaCode_03_0372-scaled.jpg\",\"width\":1708,\"height\":2560},{\"@type\":\"BreadcrumbList\",\"@id\":\"https:\/\/maison-plush.com\/fr\/fashion\/ensemble-kaki\/#breadcrumb\",\"itemListElement\":[{\"@type\":\"ListItem\",\"position\":1,\"name\":\"Startseite\",\"item\":\"https:\/\/maison-plush.com\/fr\/home\/\"},{\"@type\":\"ListItem\",\"position\":2,\"name\":\"Boutique\",\"item\":\"https:\/\/maison-plush.com\/fr\/boutique\/\"},{\"@type\":\"ListItem\",\"position\":3,\"name\":\"Ensemble kaki\"}]},{\"@type\":\"WebSite\",\"@id\":\"https:\/\/maison-plush.com\/#website\",\"url\":\"https:\/\/maison-plush.com\/\",\"name\":\"Maison Plush\",\"description\":\"Plush your life\",\"potentialAction\":[{\"@type\":\"SearchAction\",\"target\":{\"@type\":\"EntryPoint\",\"urlTemplate\":\"https:\/\/maison-plush.com\/?s={search_term_string}\"},\"query-input\":{\"@type\":\"PropertyValueSpecification\",\"valueRequired\":true,\"valueName\":\"search_term_string\"}}],\"inLanguage\":\"fr-FR\"}]}<\/script>\n<!-- \/ Yoast SEO plugin. -->","yoast_head_json":{"title":"Ensemble kaki - Maison Plush","robots":{"index":"index","follow":"follow","max-snippet":"max-snippet:-1","max-image-preview":"max-image-preview:large","max-video-preview":"max-video-preview:-1"},"canonical":"https:\/\/maison-plush.com\/fr\/fashion\/ensemble-kaki\/","og_locale":"fr_FR","og_type":"article","og_title":"Ensemble kaki - Maison Plush","og_description":"Un ensemble matelass\u00e9 sculptural, con\u00e7u comme une forme de protection. La construction quilt\u00e9e cr\u00e9e du volume, fa\u00e7onnant une silhouette architecturale, tandis que des empi\u00e8cements en \u00e9co-cuir d\u00e9finissent le corps par le contraste et la tension. La capuche oversize prolonge la forme, cr\u00e9ant une sensation d\u2019enveloppement. La silhouette s\u2019\u00e9tend et se resserre \u00e0 la fois, modifiant [&hellip;]","og_url":"https:\/\/maison-plush.com\/fr\/fashion\/ensemble-kaki\/","og_site_name":"Maison Plush","article_modified_time":"2026-05-08T16:41:41+00:00","og_image":[{"width":1708,"height":2560,"url":"https:\/\/maison-plush.com\/wp-content\/uploads\/2026\/05\/260405_LunaCode_03_0372-scaled.jpg","type":"image\/jpeg"}],"twitter_card":"summary_large_image","twitter_misc":{"Dur\u00e9e de lecture estim\u00e9e":"1 minute"},"schema":{"@context":"https:\/\/schema.org","@graph":[{"@type":"WebPage","@id":"https:\/\/maison-plush.com\/fr\/fashion\/ensemble-kaki\/","url":"https:\/\/maison-plush.com\/fr\/fashion\/ensemble-kaki\/","name":"Ensemble kaki - Maison Plush","isPartOf":{"@id":"https:\/\/maison-plush.com\/#website"},"primaryImageOfPage":{"@id":"https:\/\/maison-plush.com\/fr\/fashion\/ensemble-kaki\/#primaryimage"},"image":{"@id":"https:\/\/maison-plush.com\/fr\/fashion\/ensemble-kaki\/#primaryimage"},"thumbnailUrl":"https:\/\/maison-plush.com\/wp-content\/uploads\/2026\/05\/260405_LunaCode_03_0372-scaled.jpg","datePublished":"2026-05-08T16:40:29+00:00","dateModified":"2026-05-08T16:41:41+00:00","breadcrumb":{"@id":"https:\/\/maison-plush.com\/fr\/fashion\/ensemble-kaki\/#breadcrumb"},"inLanguage":"fr-FR","potentialAction":[{"@type":"ReadAction","target":["https:\/\/maison-plush.com\/fr\/fashion\/ensemble-kaki\/"]}]},{"@type":"ImageObject","inLanguage":"fr-FR","@id":"https:\/\/maison-plush.com\/fr\/fashion\/ensemble-kaki\/#primaryimage","url":"https:\/\/maison-plush.com\/wp-content\/uploads\/2026\/05\/260405_LunaCode_03_0372-scaled.jpg","contentUrl":"https:\/\/maison-plush.com\/wp-content\/uploads\/2026\/05\/260405_LunaCode_03_0372-scaled.jpg","width":1708,"height":2560},{"@type":"BreadcrumbList","@id":"https:\/\/maison-plush.com\/fr\/fashion\/ensemble-kaki\/#breadcrumb","itemListElement":[{"@type":"ListItem","position":1,"name":"Startseite","item":"https:\/\/maison-plush.com\/fr\/home\/"},{"@type":"ListItem","position":2,"name":"Boutique","item":"https:\/\/maison-plush.com\/fr\/boutique\/"},{"@type":"ListItem","position":3,"name":"Ensemble kaki"}]},{"@type":"WebSite","@id":"https:\/\/maison-plush.com\/#website","url":"https:\/\/maison-plush.com\/","name":"Maison Plush","description":"Plush your life","potentialAction":[{"@type":"SearchAction","target":{"@type":"EntryPoint","urlTemplate":"https:\/\/maison-plush.com\/?s={search_term_string}"},"query-input":{"@type":"PropertyValueSpecification","valueRequired":true,"valueName":"search_term_string"}}],"inLanguage":"fr-FR"}]}},"_links":{"self":[{"href":"https:\/\/maison-plush.com\/fr\/wp-json\/wp\/v2\/product\/6409","targetHints":{"allow":["GET"]}}],"collection":[{"href":"https:\/\/maison-plush.com\/fr\/wp-json\/wp\/v2\/product"}],"about":[{"href":"https:\/\/maison-plush.com\/fr\/wp-json\/wp\/v2\/types\/product"}],"replies":[{"embeddable":true,"href":"https:\/\/maison-plush.com\/fr\/wp-json\/wp\/v2\/comments?post=6409"}],"version-history":[{"count":2,"href":"https:\/\/maison-plush.com\/fr\/wp-json\/wp\/v2\/product\/6409\/revisions"}],"predecessor-version":[{"id":6411,"href":"https:\/\/maison-plush.com\/fr\/wp-json\/wp\/v2\/product\/6409\/revisions\/6411"}],"wp:featuredmedia":[{"embeddable":true,"href":"https:\/\/maison-plush.com\/fr\/wp-json\/wp\/v2\/media\/6406"}],"wp:attachment":[{"href":"https:\/\/maison-plush.com\/fr\/wp-json\/wp\/v2\/media?parent=6409"}],"wp:term":[{"taxonomy":"product_brand","embeddable":true,"href":"https:\/\/maison-plush.com\/fr\/wp-json\/wp\/v2\/product_brand?post=6409"},{"taxonomy":"product_cat","embeddable":true,"href":"https:\/\/maison-plush.com\/fr\/wp-json\/wp\/v2\/product_cat?post=6409"},{"taxonomy":"product_tag","embeddable":true,"href":"https:\/\/maison-plush.com\/fr\/wp-json\/wp\/v2\/product_tag?post=6409"}],"curies":[{"name":"wp","href":"https:\/\/api.w.org\/{rel}","templated":true}]}}