{"id":6416,"date":"2026-05-08T18:44:30","date_gmt":"2026-05-08T16:44:30","guid":{"rendered":"https:\/\/maison-plush.com\/?post_type=product&#038;p=6416"},"modified":"2026-05-08T18:46:51","modified_gmt":"2026-05-08T16:46:51","slug":"ensemble-noir","status":"publish","type":"product","link":"https:\/\/maison-plush.com\/fr\/fashion\/ensemble-noir\/","title":{"rendered":"Ensemble noir"},"content":{"rendered":"<p>Un ensemble matelass\u00e9 sculptural, inspir\u00e9 de formes \u00e9voquant des ailes, exprimant la force \u00e0 travers la structure.<\/p>\n<p>Le volume quilt\u00e9 construit une silhouette ma\u00eetris\u00e9e, tandis que la capuche prolong\u00e9e encadre le corps avec une sensation d\u2019enveloppement. La forme est soutenue par une construction interne pr\u00e9cise, maintenant une ligne nette et d\u00e9finie.<\/p>\n<p>Un micro-short matelass\u00e9 introduit un contraste et une adaptabilit\u00e9 gr\u00e2ce \u00e0 une fermeture velcro.<\/p>\n<p>La force exprim\u00e9e par la forme.<\/p>\n","protected":false},"excerpt":{"rendered":"<p>Un ensemble matelass\u00e9 sculptural, inspir\u00e9 de formes \u00e9voquant des ailes, exprimant la force \u00e0 travers la structure. Le volume quilt\u00e9 construit une silhouette ma\u00eetris\u00e9e, tandis que la capuche prolong\u00e9e encadre le corps avec une sensation d\u2019enveloppement. La forme est soutenue par une construction interne pr\u00e9cise, maintenant une ligne nette et d\u00e9finie. Un micro-short matelass\u00e9 introduit [&hellip;]<\/p>\n","protected":false},"featured_media":6414,"comment_status":"open","ping_status":"closed","template":"","meta":[],"product_brand":[],"product_cat":[447],"product_tag":[],"class_list":{"0":"post-6416","1":"product","2":"type-product","3":"status-publish","4":"has-post-thumbnail","6":"product_cat-luna-code-26-fr","8":"first","9":"onbackorder","10":"shipping-taxable","11":"product-type-simple"},"yoast_head":"<!-- This site is optimized with the Yoast SEO plugin v25.8 - https:\/\/yoast.com\/wordpress\/plugins\/seo\/ -->\n<title>Ensemble noir - Maison Plush<\/title>\n<meta name=\"robots\" content=\"index, follow, max-snippet:-1, max-image-preview:large, max-video-preview:-1\" \/>\n<link rel=\"canonical\" href=\"https:\/\/maison-plush.com\/fr\/fashion\/ensemble-noir\/\" \/>\n<meta property=\"og:locale\" content=\"fr_FR\" \/>\n<meta property=\"og:type\" content=\"article\" \/>\n<meta property=\"og:title\" content=\"Ensemble noir - Maison Plush\" \/>\n<meta property=\"og:description\" content=\"Un ensemble matelass\u00e9 sculptural, inspir\u00e9 de formes \u00e9voquant des ailes, exprimant la force \u00e0 travers la structure. Le volume quilt\u00e9 construit une silhouette ma\u00eetris\u00e9e, tandis que la capuche prolong\u00e9e encadre le corps avec une sensation d\u2019enveloppement. La forme est soutenue par une construction interne pr\u00e9cise, maintenant une ligne nette et d\u00e9finie. Un micro-short matelass\u00e9 introduit [&hellip;]\" \/>\n<meta property=\"og:url\" content=\"https:\/\/maison-plush.com\/fr\/fashion\/ensemble-noir\/\" \/>\n<meta property=\"og:site_name\" content=\"Maison Plush\" \/>\n<meta property=\"article:modified_time\" content=\"2026-05-08T16:46:51+00:00\" \/>\n<meta property=\"og:image\" content=\"https:\/\/maison-plush.com\/wp-content\/uploads\/2026\/05\/260405_LunaCode_04_0450-scaled.jpg\" \/>\n\t<meta property=\"og:image:width\" content=\"1708\" \/>\n\t<meta property=\"og:image:height\" content=\"2560\" \/>\n\t<meta property=\"og:image:type\" content=\"image\/jpeg\" \/>\n<meta name=\"twitter:card\" content=\"summary_large_image\" \/>\n<meta name=\"twitter:label1\" content=\"Dur\u00e9e de lecture estim\u00e9e\" \/>\n\t<meta name=\"twitter:data1\" content=\"1 minute\" \/>\n<script type=\"application\/ld+json\" class=\"yoast-schema-graph\">{\"@context\":\"https:\/\/schema.org\",\"@graph\":[{\"@type\":\"WebPage\",\"@id\":\"https:\/\/maison-plush.com\/fr\/fashion\/ensemble-noir\/\",\"url\":\"https:\/\/maison-plush.com\/fr\/fashion\/ensemble-noir\/\",\"name\":\"Ensemble noir - Maison Plush\",\"isPartOf\":{\"@id\":\"https:\/\/maison-plush.com\/#website\"},\"primaryImageOfPage\":{\"@id\":\"https:\/\/maison-plush.com\/fr\/fashion\/ensemble-noir\/#primaryimage\"},\"image\":{\"@id\":\"https:\/\/maison-plush.com\/fr\/fashion\/ensemble-noir\/#primaryimage\"},\"thumbnailUrl\":\"https:\/\/maison-plush.com\/wp-content\/uploads\/2026\/05\/260405_LunaCode_04_0450-scaled.jpg\",\"datePublished\":\"2026-05-08T16:44:30+00:00\",\"dateModified\":\"2026-05-08T16:46:51+00:00\",\"breadcrumb\":{\"@id\":\"https:\/\/maison-plush.com\/fr\/fashion\/ensemble-noir\/#breadcrumb\"},\"inLanguage\":\"fr-FR\",\"potentialAction\":[{\"@type\":\"ReadAction\",\"target\":[\"https:\/\/maison-plush.com\/fr\/fashion\/ensemble-noir\/\"]}]},{\"@type\":\"ImageObject\",\"inLanguage\":\"fr-FR\",\"@id\":\"https:\/\/maison-plush.com\/fr\/fashion\/ensemble-noir\/#primaryimage\",\"url\":\"https:\/\/maison-plush.com\/wp-content\/uploads\/2026\/05\/260405_LunaCode_04_0450-scaled.jpg\",\"contentUrl\":\"https:\/\/maison-plush.com\/wp-content\/uploads\/2026\/05\/260405_LunaCode_04_0450-scaled.jpg\",\"width\":1708,\"height\":2560},{\"@type\":\"BreadcrumbList\",\"@id\":\"https:\/\/maison-plush.com\/fr\/fashion\/ensemble-noir\/#breadcrumb\",\"itemListElement\":[{\"@type\":\"ListItem\",\"position\":1,\"name\":\"Startseite\",\"item\":\"https:\/\/maison-plush.com\/fr\/home\/\"},{\"@type\":\"ListItem\",\"position\":2,\"name\":\"Boutique\",\"item\":\"https:\/\/maison-plush.com\/fr\/boutique\/\"},{\"@type\":\"ListItem\",\"position\":3,\"name\":\"Ensemble noir\"}]},{\"@type\":\"WebSite\",\"@id\":\"https:\/\/maison-plush.com\/#website\",\"url\":\"https:\/\/maison-plush.com\/\",\"name\":\"Maison Plush\",\"description\":\"Plush your life\",\"potentialAction\":[{\"@type\":\"SearchAction\",\"target\":{\"@type\":\"EntryPoint\",\"urlTemplate\":\"https:\/\/maison-plush.com\/?s={search_term_string}\"},\"query-input\":{\"@type\":\"PropertyValueSpecification\",\"valueRequired\":true,\"valueName\":\"search_term_string\"}}],\"inLanguage\":\"fr-FR\"}]}<\/script>\n<!-- \/ Yoast SEO plugin. -->","yoast_head_json":{"title":"Ensemble noir - Maison Plush","robots":{"index":"index","follow":"follow","max-snippet":"max-snippet:-1","max-image-preview":"max-image-preview:large","max-video-preview":"max-video-preview:-1"},"canonical":"https:\/\/maison-plush.com\/fr\/fashion\/ensemble-noir\/","og_locale":"fr_FR","og_type":"article","og_title":"Ensemble noir - Maison Plush","og_description":"Un ensemble matelass\u00e9 sculptural, inspir\u00e9 de formes \u00e9voquant des ailes, exprimant la force \u00e0 travers la structure. Le volume quilt\u00e9 construit une silhouette ma\u00eetris\u00e9e, tandis que la capuche prolong\u00e9e encadre le corps avec une sensation d\u2019enveloppement. La forme est soutenue par une construction interne pr\u00e9cise, maintenant une ligne nette et d\u00e9finie. Un micro-short matelass\u00e9 introduit [&hellip;]","og_url":"https:\/\/maison-plush.com\/fr\/fashion\/ensemble-noir\/","og_site_name":"Maison Plush","article_modified_time":"2026-05-08T16:46:51+00:00","og_image":[{"width":1708,"height":2560,"url":"https:\/\/maison-plush.com\/wp-content\/uploads\/2026\/05\/260405_LunaCode_04_0450-scaled.jpg","type":"image\/jpeg"}],"twitter_card":"summary_large_image","twitter_misc":{"Dur\u00e9e de lecture estim\u00e9e":"1 minute"},"schema":{"@context":"https:\/\/schema.org","@graph":[{"@type":"WebPage","@id":"https:\/\/maison-plush.com\/fr\/fashion\/ensemble-noir\/","url":"https:\/\/maison-plush.com\/fr\/fashion\/ensemble-noir\/","name":"Ensemble noir - Maison Plush","isPartOf":{"@id":"https:\/\/maison-plush.com\/#website"},"primaryImageOfPage":{"@id":"https:\/\/maison-plush.com\/fr\/fashion\/ensemble-noir\/#primaryimage"},"image":{"@id":"https:\/\/maison-plush.com\/fr\/fashion\/ensemble-noir\/#primaryimage"},"thumbnailUrl":"https:\/\/maison-plush.com\/wp-content\/uploads\/2026\/05\/260405_LunaCode_04_0450-scaled.jpg","datePublished":"2026-05-08T16:44:30+00:00","dateModified":"2026-05-08T16:46:51+00:00","breadcrumb":{"@id":"https:\/\/maison-plush.com\/fr\/fashion\/ensemble-noir\/#breadcrumb"},"inLanguage":"fr-FR","potentialAction":[{"@type":"ReadAction","target":["https:\/\/maison-plush.com\/fr\/fashion\/ensemble-noir\/"]}]},{"@type":"ImageObject","inLanguage":"fr-FR","@id":"https:\/\/maison-plush.com\/fr\/fashion\/ensemble-noir\/#primaryimage","url":"https:\/\/maison-plush.com\/wp-content\/uploads\/2026\/05\/260405_LunaCode_04_0450-scaled.jpg","contentUrl":"https:\/\/maison-plush.com\/wp-content\/uploads\/2026\/05\/260405_LunaCode_04_0450-scaled.jpg","width":1708,"height":2560},{"@type":"BreadcrumbList","@id":"https:\/\/maison-plush.com\/fr\/fashion\/ensemble-noir\/#breadcrumb","itemListElement":[{"@type":"ListItem","position":1,"name":"Startseite","item":"https:\/\/maison-plush.com\/fr\/home\/"},{"@type":"ListItem","position":2,"name":"Boutique","item":"https:\/\/maison-plush.com\/fr\/boutique\/"},{"@type":"ListItem","position":3,"name":"Ensemble noir"}]},{"@type":"WebSite","@id":"https:\/\/maison-plush.com\/#website","url":"https:\/\/maison-plush.com\/","name":"Maison Plush","description":"Plush your life","potentialAction":[{"@type":"SearchAction","target":{"@type":"EntryPoint","urlTemplate":"https:\/\/maison-plush.com\/?s={search_term_string}"},"query-input":{"@type":"PropertyValueSpecification","valueRequired":true,"valueName":"search_term_string"}}],"inLanguage":"fr-FR"}]}},"_links":{"self":[{"href":"https:\/\/maison-plush.com\/fr\/wp-json\/wp\/v2\/product\/6416","targetHints":{"allow":["GET"]}}],"collection":[{"href":"https:\/\/maison-plush.com\/fr\/wp-json\/wp\/v2\/product"}],"about":[{"href":"https:\/\/maison-plush.com\/fr\/wp-json\/wp\/v2\/types\/product"}],"replies":[{"embeddable":true,"href":"https:\/\/maison-plush.com\/fr\/wp-json\/wp\/v2\/comments?post=6416"}],"version-history":[{"count":1,"href":"https:\/\/maison-plush.com\/fr\/wp-json\/wp\/v2\/product\/6416\/revisions"}],"predecessor-version":[{"id":6417,"href":"https:\/\/maison-plush.com\/fr\/wp-json\/wp\/v2\/product\/6416\/revisions\/6417"}],"wp:featuredmedia":[{"embeddable":true,"href":"https:\/\/maison-plush.com\/fr\/wp-json\/wp\/v2\/media\/6414"}],"wp:attachment":[{"href":"https:\/\/maison-plush.com\/fr\/wp-json\/wp\/v2\/media?parent=6416"}],"wp:term":[{"taxonomy":"product_brand","embeddable":true,"href":"https:\/\/maison-plush.com\/fr\/wp-json\/wp\/v2\/product_brand?post=6416"},{"taxonomy":"product_cat","embeddable":true,"href":"https:\/\/maison-plush.com\/fr\/wp-json\/wp\/v2\/product_cat?post=6416"},{"taxonomy":"product_tag","embeddable":true,"href":"https:\/\/maison-plush.com\/fr\/wp-json\/wp\/v2\/product_tag?post=6416"}],"curies":[{"name":"wp","href":"https:\/\/api.w.org\/{rel}","templated":true}]}}