{"id":6423,"date":"2026-05-08T18:49:06","date_gmt":"2026-05-08T16:49:06","guid":{"rendered":"https:\/\/maison-plush.com\/?post_type=product&#038;p=6423"},"modified":"2026-05-08T18:52:17","modified_gmt":"2026-05-08T16:52:17","slug":"veste-en-vinyle-et-jupe","status":"publish","type":"product","link":"https:\/\/maison-plush.com\/fr\/fashion\/veste-en-vinyle-et-jupe\/","title":{"rendered":"Veste en vinyle et jupe"},"content":{"rendered":"<p>Une \u00e9tude de contraste, d\u00e9finie par la structure et la fluidit\u00e9.<\/p>\n<p>Fa\u00e7onn\u00e9e au cours de plus de 150 heures de d\u00e9veloppement, la veste sculpturale en vinyle est con\u00e7ue pour maintenir une forme nette et architecturale, avec des \u00e9paules construites avec pr\u00e9cision.<\/p>\n<p>La jupe en soie taille basse tombe avec l\u00e9g\u00e8ret\u00e9, se prolongeant en une tra\u00eene subtile qui introduit du mouvement.<\/p>\n<p>Structure en haut. Fluidit\u00e9 en bas.<br \/>\nUne pi\u00e8ce cl\u00e9 de la marque, pr\u00e9sent\u00e9e dans Vogue.<\/p>\n","protected":false},"excerpt":{"rendered":"<p>Une \u00e9tude de contraste, d\u00e9finie par la structure et la fluidit\u00e9. Fa\u00e7onn\u00e9e au cours de plus de 150 heures de d\u00e9veloppement, la veste sculpturale en vinyle est con\u00e7ue pour maintenir une forme nette et architecturale, avec des \u00e9paules construites avec pr\u00e9cision. La jupe en soie taille basse tombe avec l\u00e9g\u00e8ret\u00e9, se prolongeant en une tra\u00eene [&hellip;]<\/p>\n","protected":false},"featured_media":6421,"comment_status":"open","ping_status":"closed","template":"","meta":[],"product_brand":[],"product_cat":[447],"product_tag":[],"class_list":{"0":"post-6423","1":"product","2":"type-product","3":"status-publish","4":"has-post-thumbnail","6":"product_cat-luna-code-26-fr","8":"first","9":"onbackorder","10":"shipping-taxable","11":"product-type-simple"},"yoast_head":"<!-- This site is optimized with the Yoast SEO plugin v25.8 - https:\/\/yoast.com\/wordpress\/plugins\/seo\/ -->\n<title>Veste en vinyle et jupe - Maison Plush<\/title>\n<meta name=\"robots\" content=\"index, follow, max-snippet:-1, max-image-preview:large, max-video-preview:-1\" \/>\n<link rel=\"canonical\" href=\"https:\/\/maison-plush.com\/fr\/fashion\/veste-en-vinyle-et-jupe\/\" \/>\n<meta property=\"og:locale\" content=\"fr_FR\" \/>\n<meta property=\"og:type\" content=\"article\" \/>\n<meta property=\"og:title\" content=\"Veste en vinyle et jupe - Maison Plush\" \/>\n<meta property=\"og:description\" content=\"Une \u00e9tude de contraste, d\u00e9finie par la structure et la fluidit\u00e9. Fa\u00e7onn\u00e9e au cours de plus de 150 heures de d\u00e9veloppement, la veste sculpturale en vinyle est con\u00e7ue pour maintenir une forme nette et architecturale, avec des \u00e9paules construites avec pr\u00e9cision. La jupe en soie taille basse tombe avec l\u00e9g\u00e8ret\u00e9, se prolongeant en une tra\u00eene [&hellip;]\" \/>\n<meta property=\"og:url\" content=\"https:\/\/maison-plush.com\/fr\/fashion\/veste-en-vinyle-et-jupe\/\" \/>\n<meta property=\"og:site_name\" content=\"Maison Plush\" \/>\n<meta property=\"article:modified_time\" content=\"2026-05-08T16:52:17+00:00\" \/>\n<meta property=\"og:image\" content=\"https:\/\/maison-plush.com\/wp-content\/uploads\/2026\/05\/260405_LunaCode_02_0134-scaled.jpg\" \/>\n\t<meta property=\"og:image:width\" content=\"1708\" \/>\n\t<meta property=\"og:image:height\" content=\"2560\" \/>\n\t<meta property=\"og:image:type\" content=\"image\/jpeg\" \/>\n<meta name=\"twitter:card\" content=\"summary_large_image\" \/>\n<meta name=\"twitter:label1\" content=\"Dur\u00e9e de lecture estim\u00e9e\" \/>\n\t<meta name=\"twitter:data1\" content=\"1 minute\" \/>\n<script type=\"application\/ld+json\" class=\"yoast-schema-graph\">{\"@context\":\"https:\/\/schema.org\",\"@graph\":[{\"@type\":\"WebPage\",\"@id\":\"https:\/\/maison-plush.com\/fr\/fashion\/veste-en-vinyle-et-jupe\/\",\"url\":\"https:\/\/maison-plush.com\/fr\/fashion\/veste-en-vinyle-et-jupe\/\",\"name\":\"Veste en vinyle et jupe - Maison Plush\",\"isPartOf\":{\"@id\":\"https:\/\/maison-plush.com\/#website\"},\"primaryImageOfPage\":{\"@id\":\"https:\/\/maison-plush.com\/fr\/fashion\/veste-en-vinyle-et-jupe\/#primaryimage\"},\"image\":{\"@id\":\"https:\/\/maison-plush.com\/fr\/fashion\/veste-en-vinyle-et-jupe\/#primaryimage\"},\"thumbnailUrl\":\"https:\/\/maison-plush.com\/wp-content\/uploads\/2026\/05\/260405_LunaCode_02_0134-scaled.jpg\",\"datePublished\":\"2026-05-08T16:49:06+00:00\",\"dateModified\":\"2026-05-08T16:52:17+00:00\",\"breadcrumb\":{\"@id\":\"https:\/\/maison-plush.com\/fr\/fashion\/veste-en-vinyle-et-jupe\/#breadcrumb\"},\"inLanguage\":\"fr-FR\",\"potentialAction\":[{\"@type\":\"ReadAction\",\"target\":[\"https:\/\/maison-plush.com\/fr\/fashion\/veste-en-vinyle-et-jupe\/\"]}]},{\"@type\":\"ImageObject\",\"inLanguage\":\"fr-FR\",\"@id\":\"https:\/\/maison-plush.com\/fr\/fashion\/veste-en-vinyle-et-jupe\/#primaryimage\",\"url\":\"https:\/\/maison-plush.com\/wp-content\/uploads\/2026\/05\/260405_LunaCode_02_0134-scaled.jpg\",\"contentUrl\":\"https:\/\/maison-plush.com\/wp-content\/uploads\/2026\/05\/260405_LunaCode_02_0134-scaled.jpg\",\"width\":1708,\"height\":2560},{\"@type\":\"BreadcrumbList\",\"@id\":\"https:\/\/maison-plush.com\/fr\/fashion\/veste-en-vinyle-et-jupe\/#breadcrumb\",\"itemListElement\":[{\"@type\":\"ListItem\",\"position\":1,\"name\":\"Startseite\",\"item\":\"https:\/\/maison-plush.com\/fr\/home\/\"},{\"@type\":\"ListItem\",\"position\":2,\"name\":\"Boutique\",\"item\":\"https:\/\/maison-plush.com\/fr\/boutique\/\"},{\"@type\":\"ListItem\",\"position\":3,\"name\":\"Veste en vinyle et jupe\"}]},{\"@type\":\"WebSite\",\"@id\":\"https:\/\/maison-plush.com\/#website\",\"url\":\"https:\/\/maison-plush.com\/\",\"name\":\"Maison Plush\",\"description\":\"Plush your life\",\"potentialAction\":[{\"@type\":\"SearchAction\",\"target\":{\"@type\":\"EntryPoint\",\"urlTemplate\":\"https:\/\/maison-plush.com\/?s={search_term_string}\"},\"query-input\":{\"@type\":\"PropertyValueSpecification\",\"valueRequired\":true,\"valueName\":\"search_term_string\"}}],\"inLanguage\":\"fr-FR\"}]}<\/script>\n<!-- \/ Yoast SEO plugin. -->","yoast_head_json":{"title":"Veste en vinyle et jupe - Maison Plush","robots":{"index":"index","follow":"follow","max-snippet":"max-snippet:-1","max-image-preview":"max-image-preview:large","max-video-preview":"max-video-preview:-1"},"canonical":"https:\/\/maison-plush.com\/fr\/fashion\/veste-en-vinyle-et-jupe\/","og_locale":"fr_FR","og_type":"article","og_title":"Veste en vinyle et jupe - Maison Plush","og_description":"Une \u00e9tude de contraste, d\u00e9finie par la structure et la fluidit\u00e9. Fa\u00e7onn\u00e9e au cours de plus de 150 heures de d\u00e9veloppement, la veste sculpturale en vinyle est con\u00e7ue pour maintenir une forme nette et architecturale, avec des \u00e9paules construites avec pr\u00e9cision. La jupe en soie taille basse tombe avec l\u00e9g\u00e8ret\u00e9, se prolongeant en une tra\u00eene [&hellip;]","og_url":"https:\/\/maison-plush.com\/fr\/fashion\/veste-en-vinyle-et-jupe\/","og_site_name":"Maison Plush","article_modified_time":"2026-05-08T16:52:17+00:00","og_image":[{"width":1708,"height":2560,"url":"https:\/\/maison-plush.com\/wp-content\/uploads\/2026\/05\/260405_LunaCode_02_0134-scaled.jpg","type":"image\/jpeg"}],"twitter_card":"summary_large_image","twitter_misc":{"Dur\u00e9e de lecture estim\u00e9e":"1 minute"},"schema":{"@context":"https:\/\/schema.org","@graph":[{"@type":"WebPage","@id":"https:\/\/maison-plush.com\/fr\/fashion\/veste-en-vinyle-et-jupe\/","url":"https:\/\/maison-plush.com\/fr\/fashion\/veste-en-vinyle-et-jupe\/","name":"Veste en vinyle et jupe - Maison Plush","isPartOf":{"@id":"https:\/\/maison-plush.com\/#website"},"primaryImageOfPage":{"@id":"https:\/\/maison-plush.com\/fr\/fashion\/veste-en-vinyle-et-jupe\/#primaryimage"},"image":{"@id":"https:\/\/maison-plush.com\/fr\/fashion\/veste-en-vinyle-et-jupe\/#primaryimage"},"thumbnailUrl":"https:\/\/maison-plush.com\/wp-content\/uploads\/2026\/05\/260405_LunaCode_02_0134-scaled.jpg","datePublished":"2026-05-08T16:49:06+00:00","dateModified":"2026-05-08T16:52:17+00:00","breadcrumb":{"@id":"https:\/\/maison-plush.com\/fr\/fashion\/veste-en-vinyle-et-jupe\/#breadcrumb"},"inLanguage":"fr-FR","potentialAction":[{"@type":"ReadAction","target":["https:\/\/maison-plush.com\/fr\/fashion\/veste-en-vinyle-et-jupe\/"]}]},{"@type":"ImageObject","inLanguage":"fr-FR","@id":"https:\/\/maison-plush.com\/fr\/fashion\/veste-en-vinyle-et-jupe\/#primaryimage","url":"https:\/\/maison-plush.com\/wp-content\/uploads\/2026\/05\/260405_LunaCode_02_0134-scaled.jpg","contentUrl":"https:\/\/maison-plush.com\/wp-content\/uploads\/2026\/05\/260405_LunaCode_02_0134-scaled.jpg","width":1708,"height":2560},{"@type":"BreadcrumbList","@id":"https:\/\/maison-plush.com\/fr\/fashion\/veste-en-vinyle-et-jupe\/#breadcrumb","itemListElement":[{"@type":"ListItem","position":1,"name":"Startseite","item":"https:\/\/maison-plush.com\/fr\/home\/"},{"@type":"ListItem","position":2,"name":"Boutique","item":"https:\/\/maison-plush.com\/fr\/boutique\/"},{"@type":"ListItem","position":3,"name":"Veste en vinyle et jupe"}]},{"@type":"WebSite","@id":"https:\/\/maison-plush.com\/#website","url":"https:\/\/maison-plush.com\/","name":"Maison Plush","description":"Plush your life","potentialAction":[{"@type":"SearchAction","target":{"@type":"EntryPoint","urlTemplate":"https:\/\/maison-plush.com\/?s={search_term_string}"},"query-input":{"@type":"PropertyValueSpecification","valueRequired":true,"valueName":"search_term_string"}}],"inLanguage":"fr-FR"}]}},"_links":{"self":[{"href":"https:\/\/maison-plush.com\/fr\/wp-json\/wp\/v2\/product\/6423","targetHints":{"allow":["GET"]}}],"collection":[{"href":"https:\/\/maison-plush.com\/fr\/wp-json\/wp\/v2\/product"}],"about":[{"href":"https:\/\/maison-plush.com\/fr\/wp-json\/wp\/v2\/types\/product"}],"replies":[{"embeddable":true,"href":"https:\/\/maison-plush.com\/fr\/wp-json\/wp\/v2\/comments?post=6423"}],"version-history":[{"count":2,"href":"https:\/\/maison-plush.com\/fr\/wp-json\/wp\/v2\/product\/6423\/revisions"}],"predecessor-version":[{"id":6426,"href":"https:\/\/maison-plush.com\/fr\/wp-json\/wp\/v2\/product\/6423\/revisions\/6426"}],"wp:featuredmedia":[{"embeddable":true,"href":"https:\/\/maison-plush.com\/fr\/wp-json\/wp\/v2\/media\/6421"}],"wp:attachment":[{"href":"https:\/\/maison-plush.com\/fr\/wp-json\/wp\/v2\/media?parent=6423"}],"wp:term":[{"taxonomy":"product_brand","embeddable":true,"href":"https:\/\/maison-plush.com\/fr\/wp-json\/wp\/v2\/product_brand?post=6423"},{"taxonomy":"product_cat","embeddable":true,"href":"https:\/\/maison-plush.com\/fr\/wp-json\/wp\/v2\/product_cat?post=6423"},{"taxonomy":"product_tag","embeddable":true,"href":"https:\/\/maison-plush.com\/fr\/wp-json\/wp\/v2\/product_tag?post=6423"}],"curies":[{"name":"wp","href":"https:\/\/api.w.org\/{rel}","templated":true}]}}